{"id":18957,"date":"2025-07-16T11:12:21","date_gmt":"2025-07-16T09:12:21","guid":{"rendered":"https:\/\/uj.adatbank.ro\/lexikon\/termek\/raileanu-eugen-g\/"},"modified":"2025-07-16T11:12:21","modified_gmt":"2025-07-16T09:12:21","slug":"raileanu-eugen-g","status":"publish","type":"product","link":"https:\/\/uj.adatbank.ro\/lexikon\/termek\/raileanu-eugen-g\/","title":{"rendered":"R\u0102ILEANU, Eugen G."},"content":{"rendered":"<p>?\u00a0\u2020\u00a0?: dr., \u00fcgy\u00e9sz, prefektus. \u2013 Mv.-en \u00fcgy\u00e9sz, a Reg\u00e1tba helyezt\u00e9k (1929). Maros megye prefektusa (1931. m\u00e1j. 11.- ). <br \/><strong>Irod.:<\/strong> Id\u0151t\u00e1r 3.; GOJM (nr. 10., 1931. mai. 15.)<\/br><\/p>\n","protected":false},"excerpt":{"rendered":"<p>?\u00a0\u2020\u00a0?: dr., \u00fcgy\u00e9sz, prefektus. \u2013 Mv.-en \u00fcgy\u00e9sz, a Reg\u00e1tba helyezt\u00e9k (1929). Maros megye prefektusa (1931. m\u00e1j. 11.- ). Irod.: Id\u0151t\u00e1r 3.; GOJM (nr. 10., 1931. mai. 15.)<\/p>\n","protected":false},"featured_media":0,"comment_status":"open","ping_status":"closed","template":"","meta":[],"product_brand":[],"product_cat":[137],"product_tag":[],"class_list":{"0":"post-18957","1":"product","2":"type-product","3":"status-publish","5":"product_cat-maros-megyei-eletrajzi-lexikon","7":"first","8":"instock","9":"shipping-taxable","10":"product-type-simple"},"_links":{"self":[{"href":"https:\/\/uj.adatbank.ro\/lexikon\/wp-json\/wp\/v2\/product\/18957","targetHints":{"allow":["GET"]}}],"collection":[{"href":"https:\/\/uj.adatbank.ro\/lexikon\/wp-json\/wp\/v2\/product"}],"about":[{"href":"https:\/\/uj.adatbank.ro\/lexikon\/wp-json\/wp\/v2\/types\/product"}],"replies":[{"embeddable":true,"href":"https:\/\/uj.adatbank.ro\/lexikon\/wp-json\/wp\/v2\/comments?post=18957"}],"wp:attachment":[{"href":"https:\/\/uj.adatbank.ro\/lexikon\/wp-json\/wp\/v2\/media?parent=18957"}],"wp:term":[{"taxonomy":"product_brand","embeddable":true,"href":"https:\/\/uj.adatbank.ro\/lexikon\/wp-json\/wp\/v2\/product_brand?post=18957"},{"taxonomy":"product_cat","embeddable":true,"href":"https:\/\/uj.adatbank.ro\/lexikon\/wp-json\/wp\/v2\/product_cat?post=18957"},{"taxonomy":"product_tag","embeddable":true,"href":"https:\/\/uj.adatbank.ro\/lexikon\/wp-json\/wp\/v2\/product_tag?post=18957"}],"curies":[{"name":"wp","href":"https:\/\/api.w.org\/{rel}","templated":true}]}}