{"id":18959,"date":"2025-07-16T11:12:24","date_gmt":"2025-07-16T09:12:24","guid":{"rendered":"https:\/\/uj.adatbank.ro\/lexikon\/termek\/rajda-elemer\/"},"modified":"2025-07-16T11:12:24","modified_gmt":"2025-07-16T09:12:24","slug":"rajda-elemer","status":"publish","type":"product","link":"https:\/\/uj.adatbank.ro\/lexikon\/termek\/rajda-elemer\/","title":{"rendered":"RAJDA Elem\u00e9r"},"content":{"rendered":"<p>Sz\u00e1szr\u00e9gen, ? \u2020 ?: katonatiszt. \u2013 Kapit\u00e1nny\u00e1 l\u00e9ptett\u00e9k el\u0151 a 82. m. Freiherr von Schwitzer gyalogezredben, amelynek vez\u00e9rkara B\u00e9csben volt (1910. m\u00e1j. 1.\u2013). Sz\u00e9kelyudvarhely Besoroz\u00f3 K\u00f6zpontj\u00e1nak kapit\u00e1nya (1912). R\u00e9geni lakos. Kit\u00fcntet\u00e9sei : Katonai szolg\u00e1lat bronz\u00e9rme piros szalaggal; M\u00e1sodik jubileumi katonakereszt; Bosznia-Hercegovina Eml\u00e9k\u00e9rem. <br \/><strong>Irod.:<\/strong> Reghin, militari<\/br><\/p>\n","protected":false},"excerpt":{"rendered":"<p>Sz\u00e1szr\u00e9gen, ? \u2020 ?: katonatiszt. \u2013 Kapit\u00e1nny\u00e1 l\u00e9ptett\u00e9k el\u0151 a 82. m. Freiherr von Schwitzer gyalogezredben, amelynek vez\u00e9rkara B\u00e9csben volt (1910. m\u00e1j. 1.\u2013). Sz\u00e9kelyudvarhely Besoroz\u00f3 K\u00f6zpontj\u00e1nak kapit\u00e1nya (1912). R\u00e9geni lakos. Kit\u00fcntet\u00e9sei : Katonai szolg\u00e1lat bronz\u00e9rme piros szalaggal; M\u00e1sodik jubileumi katonakereszt; Bosznia-Hercegovina Eml\u00e9k\u00e9rem. Irod.: Reghin, militari<\/p>\n","protected":false},"featured_media":0,"comment_status":"open","ping_status":"closed","template":"","meta":[],"product_brand":[],"product_cat":[137],"product_tag":[],"class_list":{"0":"post-18959","1":"product","2":"type-product","3":"status-publish","5":"product_cat-maros-megyei-eletrajzi-lexikon","7":"first","8":"instock","9":"shipping-taxable","10":"product-type-simple"},"_links":{"self":[{"href":"https:\/\/uj.adatbank.ro\/lexikon\/wp-json\/wp\/v2\/product\/18959","targetHints":{"allow":["GET"]}}],"collection":[{"href":"https:\/\/uj.adatbank.ro\/lexikon\/wp-json\/wp\/v2\/product"}],"about":[{"href":"https:\/\/uj.adatbank.ro\/lexikon\/wp-json\/wp\/v2\/types\/product"}],"replies":[{"embeddable":true,"href":"https:\/\/uj.adatbank.ro\/lexikon\/wp-json\/wp\/v2\/comments?post=18959"}],"wp:attachment":[{"href":"https:\/\/uj.adatbank.ro\/lexikon\/wp-json\/wp\/v2\/media?parent=18959"}],"wp:term":[{"taxonomy":"product_brand","embeddable":true,"href":"https:\/\/uj.adatbank.ro\/lexikon\/wp-json\/wp\/v2\/product_brand?post=18959"},{"taxonomy":"product_cat","embeddable":true,"href":"https:\/\/uj.adatbank.ro\/lexikon\/wp-json\/wp\/v2\/product_cat?post=18959"},{"taxonomy":"product_tag","embeddable":true,"href":"https:\/\/uj.adatbank.ro\/lexikon\/wp-json\/wp\/v2\/product_tag?post=18959"}],"curies":[{"name":"wp","href":"https:\/\/api.w.org\/{rel}","templated":true}]}}