{"id":1896,"date":"2025-06-28T11:56:56","date_gmt":"2025-06-28T09:56:56","guid":{"rendered":"https:\/\/uj.adatbank.ro\/lexikon\/termek\/bako-pal\/"},"modified":"2025-06-28T11:56:56","modified_gmt":"2025-06-28T09:56:56","slug":"bako-pal","status":"publish","type":"product","link":"https:\/\/uj.adatbank.ro\/lexikon\/termek\/bako-pal\/","title":{"rendered":"BAK\u00d3 P\u00e1l"},"content":{"rendered":"<p>? \u2020 ? : f\u0151hadnagy. \u2013 A marossz\u00e9ki hadk\u00f6teles nemesek \u00e9s l\u00f3f\u0151k \u00f6ssze\u00edr\u00e1sakor (Apahida, 1677. j\u00fan. 16) \u00e9s (1685. j\u00fan. 19.) f\u0151hadnagy. <br \/><strong>Irod.:<\/strong> SzOkl \u00das 7., 8.<\/br><\/p>\n","protected":false},"excerpt":{"rendered":"<p>? \u2020 ? : f\u0151hadnagy. \u2013 A marossz\u00e9ki hadk\u00f6teles nemesek \u00e9s l\u00f3f\u0151k \u00f6ssze\u00edr\u00e1sakor (Apahida, 1677. j\u00fan. 16) \u00e9s (1685. j\u00fan. 19.) f\u0151hadnagy. Irod.: SzOkl \u00das 7., 8.<\/p>\n","protected":false},"featured_media":0,"comment_status":"open","ping_status":"closed","template":"","meta":[],"product_brand":[],"product_cat":[137],"product_tag":[],"class_list":{"0":"post-1896","1":"product","2":"type-product","3":"status-publish","5":"product_cat-maros-megyei-eletrajzi-lexikon","7":"first","8":"instock","9":"shipping-taxable","10":"product-type-simple"},"_links":{"self":[{"href":"https:\/\/uj.adatbank.ro\/lexikon\/wp-json\/wp\/v2\/product\/1896","targetHints":{"allow":["GET"]}}],"collection":[{"href":"https:\/\/uj.adatbank.ro\/lexikon\/wp-json\/wp\/v2\/product"}],"about":[{"href":"https:\/\/uj.adatbank.ro\/lexikon\/wp-json\/wp\/v2\/types\/product"}],"replies":[{"embeddable":true,"href":"https:\/\/uj.adatbank.ro\/lexikon\/wp-json\/wp\/v2\/comments?post=1896"}],"wp:attachment":[{"href":"https:\/\/uj.adatbank.ro\/lexikon\/wp-json\/wp\/v2\/media?parent=1896"}],"wp:term":[{"taxonomy":"product_brand","embeddable":true,"href":"https:\/\/uj.adatbank.ro\/lexikon\/wp-json\/wp\/v2\/product_brand?post=1896"},{"taxonomy":"product_cat","embeddable":true,"href":"https:\/\/uj.adatbank.ro\/lexikon\/wp-json\/wp\/v2\/product_cat?post=1896"},{"taxonomy":"product_tag","embeddable":true,"href":"https:\/\/uj.adatbank.ro\/lexikon\/wp-json\/wp\/v2\/product_tag?post=1896"}],"curies":[{"name":"wp","href":"https:\/\/api.w.org\/{rel}","templated":true}]}}