{"id":18960,"date":"2025-07-16T11:12:26","date_gmt":"2025-07-16T09:12:26","guid":{"rendered":"https:\/\/uj.adatbank.ro\/lexikon\/termek\/rajka-geza\/"},"modified":"2025-07-16T11:12:26","modified_gmt":"2025-07-16T09:12:26","slug":"rajka-geza","status":"publish","type":"product","link":"https:\/\/uj.adatbank.ro\/lexikon\/termek\/rajka-geza\/","title":{"rendered":"RAJKA G\u00e9za"},"content":{"rendered":"<p>? \u2020\u00a0?: tan\u00e1r. \u2013 A mv.-i R. K. Gimn\u00e1zium aligazgat\u00f3ja, t\u00f6rt\u00e9nelem-f\u00f6ldrajz szakos tan\u00e1r. <br \/><strong>Irod.:<\/strong> Kinizsi Istv\u00e1n: \u00dcnnepelt\u00fcnk \u00e9s eml\u00e9kezt\u00fcnk (N\u00fa., 2002. j\u00fal. 11.)<\/br><\/p>\n","protected":false},"excerpt":{"rendered":"<p>? \u2020\u00a0?: tan\u00e1r. \u2013 A mv.-i R. K. Gimn\u00e1zium aligazgat\u00f3ja, t\u00f6rt\u00e9nelem-f\u00f6ldrajz szakos tan\u00e1r. Irod.: Kinizsi Istv\u00e1n: \u00dcnnepelt\u00fcnk \u00e9s eml\u00e9kezt\u00fcnk (N\u00fa., 2002. j\u00fal. 11.)<\/p>\n","protected":false},"featured_media":0,"comment_status":"open","ping_status":"closed","template":"","meta":[],"product_brand":[],"product_cat":[137],"product_tag":[],"class_list":{"0":"post-18960","1":"product","2":"type-product","3":"status-publish","5":"product_cat-maros-megyei-eletrajzi-lexikon","7":"first","8":"instock","9":"shipping-taxable","10":"product-type-simple"},"_links":{"self":[{"href":"https:\/\/uj.adatbank.ro\/lexikon\/wp-json\/wp\/v2\/product\/18960","targetHints":{"allow":["GET"]}}],"collection":[{"href":"https:\/\/uj.adatbank.ro\/lexikon\/wp-json\/wp\/v2\/product"}],"about":[{"href":"https:\/\/uj.adatbank.ro\/lexikon\/wp-json\/wp\/v2\/types\/product"}],"replies":[{"embeddable":true,"href":"https:\/\/uj.adatbank.ro\/lexikon\/wp-json\/wp\/v2\/comments?post=18960"}],"wp:attachment":[{"href":"https:\/\/uj.adatbank.ro\/lexikon\/wp-json\/wp\/v2\/media?parent=18960"}],"wp:term":[{"taxonomy":"product_brand","embeddable":true,"href":"https:\/\/uj.adatbank.ro\/lexikon\/wp-json\/wp\/v2\/product_brand?post=18960"},{"taxonomy":"product_cat","embeddable":true,"href":"https:\/\/uj.adatbank.ro\/lexikon\/wp-json\/wp\/v2\/product_cat?post=18960"},{"taxonomy":"product_tag","embeddable":true,"href":"https:\/\/uj.adatbank.ro\/lexikon\/wp-json\/wp\/v2\/product_tag?post=18960"}],"curies":[{"name":"wp","href":"https:\/\/api.w.org\/{rel}","templated":true}]}}