{"id":18961,"date":"2025-07-16T11:12:29","date_gmt":"2025-07-16T09:12:29","guid":{"rendered":"https:\/\/uj.adatbank.ro\/lexikon\/termek\/rajka-janos-ioan\/"},"modified":"2025-07-16T11:12:29","modified_gmt":"2025-07-16T09:12:29","slug":"rajka-janos-ioan","status":"publish","type":"product","link":"https:\/\/uj.adatbank.ro\/lexikon\/termek\/rajka-janos-ioan\/","title":{"rendered":"RAJKA J\u00e1nos \/ Ioan"},"content":{"rendered":"<p>? \u2020\u00a0?: katonatiszt. \u2013 Elhagyta Mv.-t a kivunul\u00f3 csapatok ut\u00f3v\u00e9djeivel (1849. drc. 31). Letart\u00f3ztatt\u00e1k Z\u00f6ld Elek v\u00e1rosi tan\u00e1csost aki rejtegette R. J. javait \u00e9s seg\u00e9dkezet ny\u00fajtott sz\u00f6k\u00e9s\u00e9ben (1849). <br \/><strong>Irod.:<\/strong> Id\u0151t\u00e1r 2<\/br><\/p>\n","protected":false},"excerpt":{"rendered":"<p>? \u2020\u00a0?: katonatiszt. \u2013 Elhagyta Mv.-t a kivunul\u00f3 csapatok ut\u00f3v\u00e9djeivel (1849. drc. 31). Letart\u00f3ztatt\u00e1k Z\u00f6ld Elek v\u00e1rosi tan\u00e1csost aki rejtegette R. J. javait \u00e9s seg\u00e9dkezet ny\u00fajtott sz\u00f6k\u00e9s\u00e9ben (1849). Irod.: Id\u0151t\u00e1r 2<\/p>\n","protected":false},"featured_media":0,"comment_status":"open","ping_status":"closed","template":"","meta":[],"product_brand":[],"product_cat":[137],"product_tag":[],"class_list":{"0":"post-18961","1":"product","2":"type-product","3":"status-publish","5":"product_cat-maros-megyei-eletrajzi-lexikon","7":"first","8":"instock","9":"shipping-taxable","10":"product-type-simple"},"_links":{"self":[{"href":"https:\/\/uj.adatbank.ro\/lexikon\/wp-json\/wp\/v2\/product\/18961","targetHints":{"allow":["GET"]}}],"collection":[{"href":"https:\/\/uj.adatbank.ro\/lexikon\/wp-json\/wp\/v2\/product"}],"about":[{"href":"https:\/\/uj.adatbank.ro\/lexikon\/wp-json\/wp\/v2\/types\/product"}],"replies":[{"embeddable":true,"href":"https:\/\/uj.adatbank.ro\/lexikon\/wp-json\/wp\/v2\/comments?post=18961"}],"wp:attachment":[{"href":"https:\/\/uj.adatbank.ro\/lexikon\/wp-json\/wp\/v2\/media?parent=18961"}],"wp:term":[{"taxonomy":"product_brand","embeddable":true,"href":"https:\/\/uj.adatbank.ro\/lexikon\/wp-json\/wp\/v2\/product_brand?post=18961"},{"taxonomy":"product_cat","embeddable":true,"href":"https:\/\/uj.adatbank.ro\/lexikon\/wp-json\/wp\/v2\/product_cat?post=18961"},{"taxonomy":"product_tag","embeddable":true,"href":"https:\/\/uj.adatbank.ro\/lexikon\/wp-json\/wp\/v2\/product_tag?post=18961"}],"curies":[{"name":"wp","href":"https:\/\/api.w.org\/{rel}","templated":true}]}}