{"id":18962,"date":"2025-07-16T11:12:30","date_gmt":"2025-07-16T09:12:30","guid":{"rendered":"https:\/\/uj.adatbank.ro\/lexikon\/termek\/rajka-karoly\/"},"modified":"2025-07-16T11:12:30","modified_gmt":"2025-07-16T09:12:30","slug":"rajka-karoly","status":"publish","type":"product","link":"https:\/\/uj.adatbank.ro\/lexikon\/termek\/rajka-karoly\/","title":{"rendered":"RAJKA K\u00e1roly"},"content":{"rendered":"<p>? \u2020\u00a0?: keresked\u0151. \u2013 \u00dcveg, porcell\u00e1n \u00e9s h\u00e1ztart\u00e1si cikkek \u00e1ruh\u00e1za volt Mv.-en, elv\u00e1llalt \u00e9p\u00fclet\u00fcvegez\u00e9st \u00e9s k\u00e9pkeretez\u00e9st is (1912 k.). <br \/><strong>Irod.:<\/strong> Szentgy\u00f6rgyi<\/br><\/p>\n","protected":false},"excerpt":{"rendered":"<p>? \u2020\u00a0?: keresked\u0151. \u2013 \u00dcveg, porcell\u00e1n \u00e9s h\u00e1ztart\u00e1si cikkek \u00e1ruh\u00e1za volt Mv.-en, elv\u00e1llalt \u00e9p\u00fclet\u00fcvegez\u00e9st \u00e9s k\u00e9pkeretez\u00e9st is (1912 k.). Irod.: Szentgy\u00f6rgyi<\/p>\n","protected":false},"featured_media":0,"comment_status":"open","ping_status":"closed","template":"","meta":[],"product_brand":[],"product_cat":[137],"product_tag":[],"class_list":{"0":"post-18962","1":"product","2":"type-product","3":"status-publish","5":"product_cat-maros-megyei-eletrajzi-lexikon","7":"first","8":"instock","9":"shipping-taxable","10":"product-type-simple"},"_links":{"self":[{"href":"https:\/\/uj.adatbank.ro\/lexikon\/wp-json\/wp\/v2\/product\/18962","targetHints":{"allow":["GET"]}}],"collection":[{"href":"https:\/\/uj.adatbank.ro\/lexikon\/wp-json\/wp\/v2\/product"}],"about":[{"href":"https:\/\/uj.adatbank.ro\/lexikon\/wp-json\/wp\/v2\/types\/product"}],"replies":[{"embeddable":true,"href":"https:\/\/uj.adatbank.ro\/lexikon\/wp-json\/wp\/v2\/comments?post=18962"}],"wp:attachment":[{"href":"https:\/\/uj.adatbank.ro\/lexikon\/wp-json\/wp\/v2\/media?parent=18962"}],"wp:term":[{"taxonomy":"product_brand","embeddable":true,"href":"https:\/\/uj.adatbank.ro\/lexikon\/wp-json\/wp\/v2\/product_brand?post=18962"},{"taxonomy":"product_cat","embeddable":true,"href":"https:\/\/uj.adatbank.ro\/lexikon\/wp-json\/wp\/v2\/product_cat?post=18962"},{"taxonomy":"product_tag","embeddable":true,"href":"https:\/\/uj.adatbank.ro\/lexikon\/wp-json\/wp\/v2\/product_tag?post=18962"}],"curies":[{"name":"wp","href":"https:\/\/api.w.org\/{rel}","templated":true}]}}