{"id":18968,"date":"2025-07-16T11:12:47","date_gmt":"2025-07-16T09:12:47","guid":{"rendered":"https:\/\/uj.adatbank.ro\/lexikon\/termek\/rakoczi-ferenc-i\/"},"modified":"2025-07-16T11:12:47","modified_gmt":"2025-07-16T09:12:47","slug":"rakoczi-ferenc-i","status":"publish","type":"product","link":"https:\/\/uj.adatbank.ro\/lexikon\/termek\/rakoczi-ferenc-i\/","title":{"rendered":"R\u00c1K\u00d3CZI Ferenc, I."},"content":{"rendered":"<p>1645. \u2020\u00a01676: fejedelem. \u2013 II. R\u00e1k\u00f3czi Gy\u00f6rgy fejedelem fia. Feles\u00e9ge: Zr\u00ednyi Ilona. \u2013 Gr\u00f3fi rangot kapott (1664). Erd\u00e9ly v\u00e1lasztott fejedelme (1652\u2013), de a fejedelems\u00e9get nem foglalhatta el, t\u00f6bbnyire S\u00e1rospatakon \u00e9lt. Gr\u00f3fi rangot kapott (1664). <br \/><strong>Irod.:<\/strong> Gyallay<\/br><\/p>\n","protected":false},"excerpt":{"rendered":"<p>1645. \u2020\u00a01676: fejedelem. \u2013 II. R\u00e1k\u00f3czi Gy\u00f6rgy fejedelem fia. Feles\u00e9ge: Zr\u00ednyi Ilona. \u2013 Gr\u00f3fi rangot kapott (1664). Erd\u00e9ly v\u00e1lasztott fejedelme (1652\u2013), de a fejedelems\u00e9get nem foglalhatta el, t\u00f6bbnyire S\u00e1rospatakon \u00e9lt. Gr\u00f3fi rangot kapott (1664). Irod.: Gyallay<\/p>\n","protected":false},"featured_media":0,"comment_status":"open","ping_status":"closed","template":"","meta":[],"product_brand":[],"product_cat":[137],"product_tag":[],"class_list":{"0":"post-18968","1":"product","2":"type-product","3":"status-publish","5":"product_cat-maros-megyei-eletrajzi-lexikon","7":"first","8":"instock","9":"shipping-taxable","10":"product-type-simple"},"_links":{"self":[{"href":"https:\/\/uj.adatbank.ro\/lexikon\/wp-json\/wp\/v2\/product\/18968","targetHints":{"allow":["GET"]}}],"collection":[{"href":"https:\/\/uj.adatbank.ro\/lexikon\/wp-json\/wp\/v2\/product"}],"about":[{"href":"https:\/\/uj.adatbank.ro\/lexikon\/wp-json\/wp\/v2\/types\/product"}],"replies":[{"embeddable":true,"href":"https:\/\/uj.adatbank.ro\/lexikon\/wp-json\/wp\/v2\/comments?post=18968"}],"wp:attachment":[{"href":"https:\/\/uj.adatbank.ro\/lexikon\/wp-json\/wp\/v2\/media?parent=18968"}],"wp:term":[{"taxonomy":"product_brand","embeddable":true,"href":"https:\/\/uj.adatbank.ro\/lexikon\/wp-json\/wp\/v2\/product_brand?post=18968"},{"taxonomy":"product_cat","embeddable":true,"href":"https:\/\/uj.adatbank.ro\/lexikon\/wp-json\/wp\/v2\/product_cat?post=18968"},{"taxonomy":"product_tag","embeddable":true,"href":"https:\/\/uj.adatbank.ro\/lexikon\/wp-json\/wp\/v2\/product_tag?post=18968"}],"curies":[{"name":"wp","href":"https:\/\/api.w.org\/{rel}","templated":true}]}}