{"id":18969,"date":"2025-07-16T11:12:49","date_gmt":"2025-07-16T09:12:49","guid":{"rendered":"https:\/\/uj.adatbank.ro\/lexikon\/termek\/rakoczi-ferenc-ii\/"},"modified":"2025-07-16T11:12:49","modified_gmt":"2025-07-16T09:12:49","slug":"rakoczi-ferenc-ii","status":"publish","type":"product","link":"https:\/\/uj.adatbank.ro\/lexikon\/termek\/rakoczi-ferenc-ii\/","title":{"rendered":"R\u00c1K\u00d3CZI Ferenc, II."},"content":{"rendered":"<p>Borsi,1676. m\u00e1rc. 27.,\u2020 Rodost\u00f3, (T\u00f6r\u00f6ko.), 1735. \u00e1pr. 8.: erd\u00e9lyi fejedelem \u00e9s a mo.-i sz\u00f6vetkezett rendek vez\u00e9rl\u0151 fejedelme (1703\u201311). \u2013 R. Ferenc (\u20201676) \u00e9s Zr\u00ednyi Ilona fia. Feles\u00e9ge: Charlotte Am\u00e1lia. \u2013 A nev\u00e9vel f\u00e9mjelzet szabads\u00e1gharcnak (1703\u201311) Erd\u00e9lyben sz\u00e9les t\u00e1rsadalmi alapja volt. Mv. hamar a kurucok egyik t\u00e1maszpontja lett, a v\u00e1rost m\u00e1r 1703 v\u00e9g\u00e9n megsz\u00e1llt\u00e1k.A gyulafeh\u00e9rv\u00e1ri di\u00e9t\u00e1n Erd\u00e9ly fejedelm\u00e9v\u00e9 v\u00e1lasztott\u00e1k (1704. j\u00fal. 6\u20138.). Mind a felkel\u00e9s sors\u00e1nak alakul\u00e1sa, mind pedig a jelentkez\u00f4 bels\u00f4 ellent\u00e9tek fokoz\u00f3d\u00e1sa (1706 v\u00e9g\u00e9n) siettetik R\u00e1k\u00f3czit abban az elhat\u00e1roz\u00e1s\u00e1ban, hogy az erd\u00e9lyi orsz\u00e1ggy\u00fbl\u00e9ssel hivatalosan is beiktassa mag\u00e1t a fejedelems\u00e9gbe. Ilyen k\u00f6r\u00fclm\u00e9nyek k\u00f6z\u00f6tt h\u00edvja \u00f6ssze Mv.-re az orsz\u00e1ggy\u00fbl\u00e9st (1707. m\u00e1rc. 28). Ezzel a v\u00e1ros \u00e9s Marossz\u00e9k az akkori politikai \u00e9s katonai tev\u00e9kenys\u00e9g f\u00f3kusz\u00e1ba ker\u00fclt Mez\u0151b\u00e1ndra \u00e9rkezett (1707. m\u00e1rc. 30.), Itt m\u00e1rcius 31 \u00e9s \u00e1prilis 4. k\u00f6z\u00f6tt igen komoly t\u00e1rgyal\u00e1sokra ker\u00fcl sor R\u00e1k\u00f3czi \u00e9s az erd\u00e9lyi rendek k\u00e9pvisel\u00f4i k\u00f6z\u00f6tt. E k\u00fcld\u00f6tts\u00e9gnek legfontosabb feladata a beiktat\u00e1s felt\u00e9teleinek el\u0151terjeszt\u00e9se. Teleki Mih\u00e1ly napl\u00f3j\u00e1b\u00f3l is kit\u00fbnik, hossz\u00fa \u00e9s meglehet\u00f4sen \u00e9les hangvitel\u00fb eszmecser\u00e9re ker\u00fcl sor R\u00e1k\u00f3czi \u00e9s a rendek k\u00e9pvisel\u00f4i k\u00f6z\u00f6tt. A rendek megfogalmazott felt\u00e9telei t\u00fckr\u00f6zik azt a t\u00f6rekv\u00e9st, hogy a beiktatand\u00f3 fejedelem tev\u00e9kenys\u00e9g\u00e9nek hat\u00e1sk\u00f6r\u00e9t min\u00e9l sz\u00fbkebbre szabj\u00e1k. V\u00e9g\u00fcl a fejedelem sz\u00fbkebb k\u00eds\u00e9ret\u00e9vel \u00e1prilis 5-\u00e9n reggel B\u00e1ndr\u00f3l V\u00e1s\u00e1rhelyre indult. A Maros- h\u00eddn\u00e1l a rendek k\u00fcld\u00f6ttei fogadt\u00e1k, hogy valahol a Dinnyef\u00f6ld utca (a volt Nagy Lajos kir\u00e1ly utca, jelenlegi Mez\u0151gazdas\u00e1gi L\u00edceum \u00e9s a Maros-h\u00edd k\u00f6rny\u00e9k\u00e9n) az \u00fcnnep\u00e9lyes fejedelmi beiktat\u00e1s v\u00e9gbement az erre a c\u00e9lra \u00e9p\u00edtett d\u00edszes emelv\u00e9nyen (1707. \u00e1pr. 5).. Az esem\u00e9nyr\u00f4l Benk\u00f4 K\u00e1roly, a v\u00e1ros els\u00f4 t\u00f6rt\u00e9net\u00edr\u00f3ja ezeket \u00edrja: &#8222;II. R\u00e1k\u00f3czi Ferenc 28 \u00e9ves ifj\u00fa Mv.-en polg\u00e1r Szab\u00f3 Ferenc h\u00e1z\u00e1n\u00e1l volt sz\u00e1lva. A v\u00e1ros v\u00e9gin, szabad helyen (ma ez Dinyef\u00f6ld utc\u00e1nak h\u00edvatik) z\u00f6ld poszt\u00f3val bevont r\u00e9ten eskettetett f\u00f4l, mivel a j\u00e9suit\u00e1knak f\u00e1b\u00f3l k\u00e9sz\u00fclt kis imah\u00e1zuk (melynek hely\u00e9re a mai k\u00e9t\u00e1g\u00fa torny\u00fa piaci k\u00f4templom van \u00e9p\u00edtve) \u00e9s k\u00f6rny\u00e9ke sz\u00fbk volt ily nagy \u00fcnnep\u00e9ly befogad\u00e1s\u00e1ra. A beiktat\u00e1st k\u00f6vet\u00f4en az orsz\u00e1ggy\u00fbl\u00e9s munk\u00e1latai \u00e1prilis 7-t\u00f4l 21-ig folynak. A V\u00e1rtemplomban. Ez alkalommal \u00fajrav\u00e1lasztj\u00e1k a tan\u00e1csurakat is, akik R\u00e1k\u00f3czi t\u00e1voll\u00e9t\u00e9ben az orsz\u00e1g \u00fcgyeit int\u00e9zik. Az ogy. kimondta Erd\u00e9ly elszakad\u00e1s\u00e1t a Habsburgokt\u00f3l, \u00e9s ism\u00e9t biztos\u00edtotta a n\u00e9gy bevett vall\u00e1s (r. k., ref., ev., unit.) szabad gyakorl\u00e1s\u00e1t. Korm\u00e1nytan\u00e1csot hozott l\u00e9tre, a nyolc tan\u00e1csos: Pekri L\u0151rinc, k\u00e9t Barcsai (kincst\u00e1ros Barcsai \u00c1brah\u00e1m), Kem\u00e9ny L\u00e1szl\u00f3 (a 12 tag\u00fa t\u00e1bla en\u00f6ke), Mikes Mih\u00e1ly, Vay \u00c1d\u00e1m, Teleki Mih\u00e1ly \u00e9s Arelt J\u00e1nos.\u201d Az \u00fcnnep\u00e9lyes beiktat\u00e1s ut\u00e1n n\u00e9h\u00e1ny nap m\u00falva Radn\u00f3tra utazott, a R\u00e1k\u00f3czi csal\u00e1d r\u00e9gi birtok\u00e1ra. K\u00f3r\u00f3dszentm\u00e1rtonban is volt udvara \u00e9s birtoka. Udvarh\u00e1za \u201em\u00e1r r\u00e9gen elpusztult\u201d, a birtoka k\u00e9t \u00e1gon a Bethlen csal\u00e1dra sz\u00e1llt, egy r\u00e9sz\u00e9t az ut\u00f3d eladta egy gazdag izraelita birtokosnak (Pesty). A m\u00faltban Mv.-en tisztelet\u00e9re r\u00f3la nevezt\u00e9k el a K\u00f6vecses utc\u00e1t, mellszobrot \u00e1ll\u00edtottak (1907. okt. 29.), amit Sz\u00e9kely K\u00e1roly mv.-i ifj. szobr\u00e1sz alkotott, a fejedelem mv.-i beiktat\u00e1s\u00e1nak 200. \u00e9vfordul\u00f3j\u00e1ra (1707. \u00e1pr. 5.\u20131907. \u00e1pr. 5.); a vash\u00eddat (\u00e1tadt\u00e1k 1911. m\u00e1j. 19.) \u00e9s a l\u00e9pcs\u0151sort, ami szemben \u00e1ll a mai mellszobr\u00e1val. A l\u00e9pcs\u0151sor ma \u201eB\u201d kateg\u00f3ri\u00e1s m\u0171eml\u00e9k. Mv-i beiktat\u00e1s\u00e1nak 200. \u00e9vfordul\u00f3j\u00e1n mellszobrot \u00e1ll\u00edtottak eml\u00e9k\u00e9re el\u0151sz\u00f6r, Sz\u00e9kely K\u00e1roly alkot\u00e1s\u00e1t (1907. okt. 31.), ezt a szobrot led\u00f6nt\u00f6tt\u00e9k (1918-ben). Sz\u00fclet\u00e9s\u00e9nek 325. \u00e9vfordul\u00f3j\u00e1n a Teleki T\u00e9k\u00e1ban ki\u00e1ll\u00edt\u00e1st rendeztek (2001). Eml\u00e9k\u00e9re a fejedelem\u00e9 v\u00e1laszt\u00e1s\u00e1nak 300. \u00e9vfordul\u00f3j\u00e1n \u00faj mellszobrot \u00e1ll\u00edtottak a V\u00e1rs\u00e9t\u00e1ny als\u00f3 r\u00e9sz\u00e9n (Pokornyi Attila alkot\u00e1sa, 2004. nov. 26). Maross\u00e1rpatakon felavatt\u00e1k Miholcsa J\u00f3zsef R\u00e1k\u00f3czi szobr\u00e1t (2004. m\u00e1j.). G\u00f6rg\u00e9nyszentimr\u00e9n tisztelet\u00e9re k\u00e1poln\u00e1t (1730) \u00e9s tornyot (1867) emeltek, \u201cA\u201d kateg\u00f3ri\u00e1ba tartoz\u00f3 m\u0171eml\u00e9kek. Megalakult a R\u00e1k\u00f3czi Sz\u00f6vets\u00e9g mv.-i szervezete (2001), rendezv\u00e9nyeiknek k\u00e9t f\u00f4 c\u00e9ljuk van: seg\u00edteni a kisebbs\u00e9gi magyars\u00e1g oktat\u00e1si, kultur\u00e1lis \u00e9s k\u00f6zm\u00fbvel\u00f4d\u00e9si tev\u00e9kenys\u00e9g\u00e9t, valamint \u00e1polni II. R\u00e1k\u00f3czi Ferenc eml\u00e9k\u00e9t \u00e9s kultusz\u00e1t. Utc\u00e1t neveztek r\u00f3la (1900 k), II. R\u00e1k\u00f3czi Ferencz utcza, 1912\u20131920, 1941\u20131995- Avram Iancu. A k\u00f6zismert l\u00e9pcs\u0151 sor neve is R\u00e1k\u00f3czi-l\u00e9pcs\u0151 (1918\u2013). \u2013 <strong>F. m.:<\/strong> Egy b\u0171n\u00f6s vallom\u00e1sa = Erd\u00e9ly \u00f6r\u00f6ks\u00e9ge, 7. <br \/><strong>Irod.:<\/strong> Bak\u00f3 Zolt\u00e1n: Ism\u00e9t \u00e1polj\u00e1k a fejedelem kultusz\u00e1t (Vas\u00e1rnapi H\u00edrlap, 2016. \u00e1prl. 6.); Volt egyszer egy R\u00e1k\u00f3czi-h\u00edd (N\u00fa., 1998. jan. 17.); Benk\u0151 Samu: A sz\u00e9p\u00edr\u00f3 II. R. F. (Sz\u00e9kelyf\u00f6ld, 5. sz., 2003. m\u00e1j.); Bern\u00e1dy; B\u00f3nis Johanna: II. R. F. \u00e9s Mv. (\u00daj Kerzdet, 7. sz., 2001. j\u00fal.); Csepreghy 2010; Csepreghy 2016; Csetri \u2013 Szab\u00f3; Erd\u00e9ly; Fodor\u2013Bal\u00e1s; Fodor S\u00e1ndor: II. R. F. \u2013et Mv.-en iktatt\u00e1k be Erd\u00e9ly fejedelmi sz\u00e9k\u00e9be (N\u00fa., 2002., \u00e1pr. 3); Garda Dezs\u0151: A sz\u00e9kelyek r\u00e9szv\u00e9tele a II. R. F. vezette szabads\u00e1gharcban = Maros megyei m. t\u00f6rt 5.; Gyallay; Id\u0151t\u00e1r 1; Id\u0151t\u00e1r 2; Kelemen Lajos 2009, Keresztes Gyula: Pro patria \u00e9t libertate (N\u00fa., 2003., j\u00fan. 19); Keresztes Gyula: II. R. F. fejedelmi sz\u00e9kbe \u00fcltet\u00e9s\u00e9nek pomp\u00e1j\u00e1r\u00f3l (N\u00fa., 2003, j\u00fal. 31); Kiss Zsuzs\u00e1nna: A fejedelem hal\u00e1la (N\u00fa., 2022. dec. 15.); M. t\u00f6rt. t\u00e1r 18.; Magyari Andr\u00e1s: A sz\u00e9kelys\u00e9g a II. R. F. vezette szabads\u00e1gharcban; Magyari Andr\u00e1s:A R\u00e1k\u00f3czi-szabads\u00e1gharc f\u0151bb f\u0151bb politikai \u00e9s katonai probl\u00e9m\u00e1i 1710\u20131711-ben = \u00c9vek 1100-b\u00f3l; Makfalva\u00ad; A sz\u00e9kelys\u00e9g t\u00f6rt\u00e9nete a 17\u201319 sz..-ban (Cs\u00edkszereda, 2001); Magyari Andr\u00e1s:A R\u00e1k\u00f3czi-szabads\u00e1gharc f\u0151bb politikai \u00e9s katonai probl\u00e9m\u00e1i 1710\u20131711-b\u00f3l = M\u00e1rki S\u00e1ndor: Az utols\u00f3 fejedelmi beiktat\u00e1s Erd\u00e9lyben (N\u00fa., 1991. m\u00e1rc. 1.); Mur\u00e1din; Mv. \u00e9s V\u00e1rtemploma; Mv. t\u00f6rt. 2.; Oka ezen \u00edr\u00e1snak; Orb\u00e1n Dezs\u0151; \u00d6tv\u00f6s J\u00f3zsef: Mv.-i szobrok \u00e9s alkot\u00f3ik (\u00daj Kezdet, 1. sz., 2006. jan.); P\u00e1l-Antal 2002; P\u00e1l-Antal S\u00e1ndor: Marossz\u00e9kiek II. R. F. kuruc t\u00e1bor\u00e1ban, avagy Marossz\u00e9k h\u00f3doltat\u00e1sa = Maros megyei m. t\u00f6rt 5.; P\u00e1l-Antal S\u00e1ndor: R\u00e1k\u00f3czi \u00e9s Marosv\u00e1s\u00e1rhely (N\u00fa., 2001. okt. 4.); II. R\u00e1k\u00f3czi Ferenc: Eml\u00e9kiratai (Bp., 1979); II. R\u00e1k\u00f3czi Ferenc: Fejezetek a vallom\u00e1sokb\u00f3l (v\u00e1l., bevez. Benk\u0151 Samu; Buk., 1976); Szak\u00e1cs J\u00e1nos: Marosv\u00e1s\u00e1rhelyi szobrok a r\u00e9gi sajt\u00f3ban (Erd\u00e9lyi Napl\u00f3, 51\u201352. sz., 2004. dec. 21.); (Kr\u00f3nika, 2004. nov. 29.); K\u00f6zPont (2007. \u00e1pr. 16\u201322); Pesty 2014; Szaniszlk\u00f3; Szentgy\u00f6rgyi; Tam\u00e1s Zsolt: A Mv.-en beiktatott fejedelem (\u00daj Kezdet, 5. sz., 2007. m\u00e1j.); Testamentum; Tr\u00f3cs\u00e1nyi 1988; \u00daIL; \u00daM\u00c9L; Valori mure\u015fene de patrimoniu; Vigh<\/br><\/p>\n","protected":false},"excerpt":{"rendered":"<p>Borsi,1676. m\u00e1rc. 27.,\u2020 Rodost\u00f3, (T\u00f6r\u00f6ko.), 1735. \u00e1pr. 8.: erd\u00e9lyi fejedelem \u00e9s a mo.-i sz\u00f6vetkezett rendek vez\u00e9rl\u0151 fejedelme (1703\u201311). \u2013 R. Ferenc (\u20201676) \u00e9s Zr\u00ednyi Ilona fia. Feles\u00e9ge: Charlotte Am\u00e1lia. \u2013 A nev\u00e9vel f\u00e9mjelzet szabads\u00e1gharcnak (1703\u201311) Erd\u00e9lyben sz\u00e9les t\u00e1rsadalmi alapja volt. Mv. hamar a kurucok egyik t\u00e1maszpontja lett, a v\u00e1rost m\u00e1r 1703 v\u00e9g\u00e9n megsz\u00e1llt\u00e1k.A gyulafeh\u00e9rv\u00e1ri di\u00e9t\u00e1n [&hellip;]<\/p>\n","protected":false},"featured_media":0,"comment_status":"open","ping_status":"closed","template":"","meta":[],"product_brand":[],"product_cat":[137],"product_tag":[],"class_list":{"0":"post-18969","1":"product","2":"type-product","3":"status-publish","5":"product_cat-maros-megyei-eletrajzi-lexikon","7":"first","8":"instock","9":"shipping-taxable","10":"product-type-simple"},"_links":{"self":[{"href":"https:\/\/uj.adatbank.ro\/lexikon\/wp-json\/wp\/v2\/product\/18969","targetHints":{"allow":["GET"]}}],"collection":[{"href":"https:\/\/uj.adatbank.ro\/lexikon\/wp-json\/wp\/v2\/product"}],"about":[{"href":"https:\/\/uj.adatbank.ro\/lexikon\/wp-json\/wp\/v2\/types\/product"}],"replies":[{"embeddable":true,"href":"https:\/\/uj.adatbank.ro\/lexikon\/wp-json\/wp\/v2\/comments?post=18969"}],"wp:attachment":[{"href":"https:\/\/uj.adatbank.ro\/lexikon\/wp-json\/wp\/v2\/media?parent=18969"}],"wp:term":[{"taxonomy":"product_brand","embeddable":true,"href":"https:\/\/uj.adatbank.ro\/lexikon\/wp-json\/wp\/v2\/product_brand?post=18969"},{"taxonomy":"product_cat","embeddable":true,"href":"https:\/\/uj.adatbank.ro\/lexikon\/wp-json\/wp\/v2\/product_cat?post=18969"},{"taxonomy":"product_tag","embeddable":true,"href":"https:\/\/uj.adatbank.ro\/lexikon\/wp-json\/wp\/v2\/product_tag?post=18969"}],"curies":[{"name":"wp","href":"https:\/\/api.w.org\/{rel}","templated":true}]}}