{"id":18973,"date":"2025-07-16T11:12:57","date_gmt":"2025-07-16T09:12:57","guid":{"rendered":"https:\/\/uj.adatbank.ro\/lexikon\/termek\/rakosfalvi-livia-tarczali\/"},"modified":"2025-07-16T11:12:57","modified_gmt":"2025-07-16T09:12:57","slug":"rakosfalvi-livia-tarczali","status":"publish","type":"product","link":"https:\/\/uj.adatbank.ro\/lexikon\/termek\/rakosfalvi-livia-tarczali\/","title":{"rendered":"R\u00c1KOSFALVI Livia; Tarczali"},"content":{"rendered":"<p>Kv., 1927. j\u00fan. 5., \u2020\u00a0?: orvos. \u2013 A k\u00f6z\u00e9piskol\u00e1t Kv.-on (1946), az orvosi egyetemet Mv.-en (1952) v\u00e9gezte. El\u0151sz\u0151r k\u00f6rzetiorvos, majd Marosszentgy\u00f6rgy\u00f6n balneol\u00f3gus (1952\u201359)\u00a0; Nagyv\u00e1radon a M\u00e1jus 1. Szanat\u00f3riumban fizoo ter\u00e1pi\u00e1s szakorvos (1959\u201363)\u00a0; a MOGYI Balneol\u00f3gia-Fizioter\u00e1pia Katedr\u00e1j\u00e1n tan\u00e1rseg\u00e9d (1963\u201368), valamint f\u0151orvos a Fizioter\u00e1piai Klinik\u00e1n (1963\u201368)\u00a0; szakorvos a 2. sz\u00e1m\u00fa Poliklinik\u00e1n (1\u00f668\u201389). Kutat\u00e1si ter\u00fclete\u00a0: gyermekb\u00e9nul\u00e1sok, reumatol\u00f3gia, fizioter\u00e1piai kezel\u00e9sek, gastro-enteorologia 20 tudom\u00e1nyos dolgozat szerz\u0151je. \u2013 F.m.\u00a0: T\u00e1rsszerz\u0151\u00a0: Balneofiziol\u00f3giai \u00e9s orvosi rehabilit\u00e1ci\u00f3s jegyzet orvoszanhallgat\u00f3k r\u00e9sz\u00e9re (Mv. 1986). \u2013 Irod. : Todea\u2013F\u00fcl\u00f6p\u2013Avram<\/br><\/p>\n","protected":false},"excerpt":{"rendered":"<p>Kv., 1927. j\u00fan. 5., \u2020\u00a0?: orvos. \u2013 A k\u00f6z\u00e9piskol\u00e1t Kv.-on (1946), az orvosi egyetemet Mv.-en (1952) v\u00e9gezte. El\u0151sz\u0151r k\u00f6rzetiorvos, majd Marosszentgy\u00f6rgy\u00f6n balneol\u00f3gus (1952\u201359)\u00a0; Nagyv\u00e1radon a M\u00e1jus 1. Szanat\u00f3riumban fizoo ter\u00e1pi\u00e1s szakorvos (1959\u201363)\u00a0; a MOGYI Balneol\u00f3gia-Fizioter\u00e1pia Katedr\u00e1j\u00e1n tan\u00e1rseg\u00e9d (1963\u201368), valamint f\u0151orvos a Fizioter\u00e1piai Klinik\u00e1n (1963\u201368)\u00a0; szakorvos a 2. sz\u00e1m\u00fa Poliklinik\u00e1n (1\u00f668\u201389). Kutat\u00e1si ter\u00fclete\u00a0: gyermekb\u00e9nul\u00e1sok, reumatol\u00f3gia, fizioter\u00e1piai [&hellip;]<\/p>\n","protected":false},"featured_media":0,"comment_status":"open","ping_status":"closed","template":"","meta":[],"product_brand":[],"product_cat":[137],"product_tag":[],"class_list":{"0":"post-18973","1":"product","2":"type-product","3":"status-publish","5":"product_cat-maros-megyei-eletrajzi-lexikon","7":"first","8":"instock","9":"shipping-taxable","10":"product-type-simple"},"_links":{"self":[{"href":"https:\/\/uj.adatbank.ro\/lexikon\/wp-json\/wp\/v2\/product\/18973","targetHints":{"allow":["GET"]}}],"collection":[{"href":"https:\/\/uj.adatbank.ro\/lexikon\/wp-json\/wp\/v2\/product"}],"about":[{"href":"https:\/\/uj.adatbank.ro\/lexikon\/wp-json\/wp\/v2\/types\/product"}],"replies":[{"embeddable":true,"href":"https:\/\/uj.adatbank.ro\/lexikon\/wp-json\/wp\/v2\/comments?post=18973"}],"wp:attachment":[{"href":"https:\/\/uj.adatbank.ro\/lexikon\/wp-json\/wp\/v2\/media?parent=18973"}],"wp:term":[{"taxonomy":"product_brand","embeddable":true,"href":"https:\/\/uj.adatbank.ro\/lexikon\/wp-json\/wp\/v2\/product_brand?post=18973"},{"taxonomy":"product_cat","embeddable":true,"href":"https:\/\/uj.adatbank.ro\/lexikon\/wp-json\/wp\/v2\/product_cat?post=18973"},{"taxonomy":"product_tag","embeddable":true,"href":"https:\/\/uj.adatbank.ro\/lexikon\/wp-json\/wp\/v2\/product_tag?post=18973"}],"curies":[{"name":"wp","href":"https:\/\/api.w.org\/{rel}","templated":true}]}}