{"id":18976,"date":"2025-07-16T11:13:05","date_gmt":"2025-07-16T09:13:05","guid":{"rendered":"https:\/\/uj.adatbank.ro\/lexikon\/termek\/rakosi-gyorgy-aldobolyi\/"},"modified":"2025-07-16T11:13:05","modified_gmt":"2025-07-16T09:13:05","slug":"rakosi-gyorgy-aldobolyi","status":"publish","type":"product","link":"https:\/\/uj.adatbank.ro\/lexikon\/termek\/rakosi-gyorgy-aldobolyi\/","title":{"rendered":"R\u00c1KOSI Gy\u00f6rgy, aldobolyi"},"content":{"rendered":"<p>?, \u2020\u00a0Disznaj\u00f3, 1801. dec. 31.: ref. lelk\u00e9sz. \u2013 Enyeden subscrib\u00e1lt (1780). Enyeden volt k\u00e1pl\u00e1n. (1783). Genfben peregrin\u00e1lt (1791). A d\u00e9si zsinaton ordin\u00e1lt\u00e1k (1794). Lelk\u00e9sz Magyarr\u00e9genben (1794\u20131799) \u00e9s Disznaj\u00f3n hal\u00e1l\u00e1ig (1801. dec. 31). <br \/><strong>Irod.:<\/strong> \u0150sz<\/br><\/p>\n","protected":false},"excerpt":{"rendered":"<p>?, \u2020\u00a0Disznaj\u00f3, 1801. dec. 31.: ref. lelk\u00e9sz. \u2013 Enyeden subscrib\u00e1lt (1780). Enyeden volt k\u00e1pl\u00e1n. (1783). Genfben peregrin\u00e1lt (1791). A d\u00e9si zsinaton ordin\u00e1lt\u00e1k (1794). Lelk\u00e9sz Magyarr\u00e9genben (1794\u20131799) \u00e9s Disznaj\u00f3n hal\u00e1l\u00e1ig (1801. dec. 31). Irod.: \u0150sz<\/p>\n","protected":false},"featured_media":0,"comment_status":"open","ping_status":"closed","template":"","meta":[],"product_brand":[],"product_cat":[137],"product_tag":[],"class_list":{"0":"post-18976","1":"product","2":"type-product","3":"status-publish","5":"product_cat-maros-megyei-eletrajzi-lexikon","7":"first","8":"instock","9":"shipping-taxable","10":"product-type-simple"},"_links":{"self":[{"href":"https:\/\/uj.adatbank.ro\/lexikon\/wp-json\/wp\/v2\/product\/18976","targetHints":{"allow":["GET"]}}],"collection":[{"href":"https:\/\/uj.adatbank.ro\/lexikon\/wp-json\/wp\/v2\/product"}],"about":[{"href":"https:\/\/uj.adatbank.ro\/lexikon\/wp-json\/wp\/v2\/types\/product"}],"replies":[{"embeddable":true,"href":"https:\/\/uj.adatbank.ro\/lexikon\/wp-json\/wp\/v2\/comments?post=18976"}],"wp:attachment":[{"href":"https:\/\/uj.adatbank.ro\/lexikon\/wp-json\/wp\/v2\/media?parent=18976"}],"wp:term":[{"taxonomy":"product_brand","embeddable":true,"href":"https:\/\/uj.adatbank.ro\/lexikon\/wp-json\/wp\/v2\/product_brand?post=18976"},{"taxonomy":"product_cat","embeddable":true,"href":"https:\/\/uj.adatbank.ro\/lexikon\/wp-json\/wp\/v2\/product_cat?post=18976"},{"taxonomy":"product_tag","embeddable":true,"href":"https:\/\/uj.adatbank.ro\/lexikon\/wp-json\/wp\/v2\/product_tag?post=18976"}],"curies":[{"name":"wp","href":"https:\/\/api.w.org\/{rel}","templated":true}]}}