{"id":18978,"date":"2025-07-16T11:13:12","date_gmt":"2025-07-16T09:13:12","guid":{"rendered":"https:\/\/uj.adatbank.ro\/lexikon\/termek\/rakosi-lajos\/"},"modified":"2025-07-16T11:13:12","modified_gmt":"2025-07-16T09:13:12","slug":"rakosi-lajos","status":"publish","type":"product","link":"https:\/\/uj.adatbank.ro\/lexikon\/termek\/rakosi-lajos\/","title":{"rendered":"R\u00c1KOSI Lajos"},"content":{"rendered":"<p>1860, \u2020 Galambod, 1908. jan. 31.\u00a0?\u00a0: ref. lelk\u00e9sz Galambodon. <br \/><strong>Irod.:<\/strong> Bak\u00f3 Zolt\u00e1n: \u00c9vkezdet 101 esztendeje (V\u00e1s\u00e1rhelyi H\u00edrlap, 2009. febr. 13.); <\/br><\/p>\n","protected":false},"excerpt":{"rendered":"<p>1860, \u2020 Galambod, 1908. jan. 31.\u00a0?\u00a0: ref. lelk\u00e9sz Galambodon. Irod.: Bak\u00f3 Zolt\u00e1n: \u00c9vkezdet 101 esztendeje (V\u00e1s\u00e1rhelyi H\u00edrlap, 2009. febr. 13.);<\/p>\n","protected":false},"featured_media":0,"comment_status":"open","ping_status":"closed","template":"","meta":[],"product_brand":[],"product_cat":[137],"product_tag":[],"class_list":{"0":"post-18978","1":"product","2":"type-product","3":"status-publish","5":"product_cat-maros-megyei-eletrajzi-lexikon","7":"first","8":"instock","9":"shipping-taxable","10":"product-type-simple"},"_links":{"self":[{"href":"https:\/\/uj.adatbank.ro\/lexikon\/wp-json\/wp\/v2\/product\/18978","targetHints":{"allow":["GET"]}}],"collection":[{"href":"https:\/\/uj.adatbank.ro\/lexikon\/wp-json\/wp\/v2\/product"}],"about":[{"href":"https:\/\/uj.adatbank.ro\/lexikon\/wp-json\/wp\/v2\/types\/product"}],"replies":[{"embeddable":true,"href":"https:\/\/uj.adatbank.ro\/lexikon\/wp-json\/wp\/v2\/comments?post=18978"}],"wp:attachment":[{"href":"https:\/\/uj.adatbank.ro\/lexikon\/wp-json\/wp\/v2\/media?parent=18978"}],"wp:term":[{"taxonomy":"product_brand","embeddable":true,"href":"https:\/\/uj.adatbank.ro\/lexikon\/wp-json\/wp\/v2\/product_brand?post=18978"},{"taxonomy":"product_cat","embeddable":true,"href":"https:\/\/uj.adatbank.ro\/lexikon\/wp-json\/wp\/v2\/product_cat?post=18978"},{"taxonomy":"product_tag","embeddable":true,"href":"https:\/\/uj.adatbank.ro\/lexikon\/wp-json\/wp\/v2\/product_tag?post=18978"}],"curies":[{"name":"wp","href":"https:\/\/api.w.org\/{rel}","templated":true}]}}