{"id":18979,"date":"2025-07-16T11:13:14","date_gmt":"2025-07-16T09:13:14","guid":{"rendered":"https:\/\/uj.adatbank.ro\/lexikon\/termek\/rakosi-lajos-id-rakossi-aldobolyi\/"},"modified":"2025-07-16T11:13:14","modified_gmt":"2025-07-16T09:13:14","slug":"rakosi-lajos-id-rakossi-aldobolyi","status":"publish","type":"product","link":"https:\/\/uj.adatbank.ro\/lexikon\/termek\/rakosi-lajos-id-rakossi-aldobolyi\/","title":{"rendered":"R\u00c1KOSI Lajos, id.; R\u00e1kossi; aldobolyi"},"content":{"rendered":"<p>? \u2020\u00a0? : ref. lelk\u00e9sz, esperes, honv\u00e9df\u0151hadnagy. \u2013 43 \u00e9ven \u00e1t ev. ref. lelk\u00e9sz Lukailencfalv\u00e1n. 1848\u201349-es honv\u00e9d f\u0151hadnagy. Mez\u0151s\u00e1msondon is szolg\u00e1lt (1886\u201398), a Marosi ref. egyh\u00e1zmegye esperese (1883\u201396). Kezdem\u00e9nyezte olvas\u00f3 k\u0151r alak\u00edt\u00e1s\u00e1t a faluban (1870), el\u0151fizettek valamelyik lapra amelyet r\u00e9szint egy\u00e9nileg r\u00e9szint k\u00f6z\u00f6sen elolvastak, megvitattak. A gy\u0171l\u00e9seken m\u00e1s hasznos ismereteket tartalmaz\u00f3 olvasm\u00e1nyokat is felolvastak. Az iskola felvette a nev\u00e9t (2006. m\u00e1rc. 15). \u2013 <strong>F. m.:<\/strong> <strong>t\u00e1rssz.:<\/strong> Zwingli Ulrik eml\u00e9kezete. Ima, eml\u00e9kbesz\u00e9d, \u00e9let- \u00e9s jellemrajz. Marosv\u00e1s\u00e1rhelytt 1884. m\u00e1j. 7. tartott n\u00e9gysz\u00e1zados \u00fcnnep\u00e9ly alkalm\u00e1val mondott\u00e1k&#8230; (Vass Tam\u00e1s \u00e9s Tavaszy J\u00f3zseffel egy\u00fctt; Mv., 1884). <br \/><strong>Irod.:<\/strong> Benk\u0151 Samu; Marosszentgy\u00f6rgy; Mez\u0151s\u00e1msond; Pesty 2014; Szinnyei; Zov\u00e1nyi<\/br><\/p>\n","protected":false},"excerpt":{"rendered":"<p>? \u2020\u00a0? : ref. lelk\u00e9sz, esperes, honv\u00e9df\u0151hadnagy. \u2013 43 \u00e9ven \u00e1t ev. ref. lelk\u00e9sz Lukailencfalv\u00e1n. 1848\u201349-es honv\u00e9d f\u0151hadnagy. Mez\u0151s\u00e1msondon is szolg\u00e1lt (1886\u201398), a Marosi ref. egyh\u00e1zmegye esperese (1883\u201396). Kezdem\u00e9nyezte olvas\u00f3 k\u0151r alak\u00edt\u00e1s\u00e1t a faluban (1870), el\u0151fizettek valamelyik lapra amelyet r\u00e9szint egy\u00e9nileg r\u00e9szint k\u00f6z\u00f6sen elolvastak, megvitattak. A gy\u0171l\u00e9seken m\u00e1s hasznos ismereteket tartalmaz\u00f3 olvasm\u00e1nyokat is felolvastak. Az [&hellip;]<\/p>\n","protected":false},"featured_media":0,"comment_status":"open","ping_status":"closed","template":"","meta":[],"product_brand":[],"product_cat":[137],"product_tag":[],"class_list":{"0":"post-18979","1":"product","2":"type-product","3":"status-publish","5":"product_cat-maros-megyei-eletrajzi-lexikon","7":"first","8":"instock","9":"shipping-taxable","10":"product-type-simple"},"_links":{"self":[{"href":"https:\/\/uj.adatbank.ro\/lexikon\/wp-json\/wp\/v2\/product\/18979","targetHints":{"allow":["GET"]}}],"collection":[{"href":"https:\/\/uj.adatbank.ro\/lexikon\/wp-json\/wp\/v2\/product"}],"about":[{"href":"https:\/\/uj.adatbank.ro\/lexikon\/wp-json\/wp\/v2\/types\/product"}],"replies":[{"embeddable":true,"href":"https:\/\/uj.adatbank.ro\/lexikon\/wp-json\/wp\/v2\/comments?post=18979"}],"wp:attachment":[{"href":"https:\/\/uj.adatbank.ro\/lexikon\/wp-json\/wp\/v2\/media?parent=18979"}],"wp:term":[{"taxonomy":"product_brand","embeddable":true,"href":"https:\/\/uj.adatbank.ro\/lexikon\/wp-json\/wp\/v2\/product_brand?post=18979"},{"taxonomy":"product_cat","embeddable":true,"href":"https:\/\/uj.adatbank.ro\/lexikon\/wp-json\/wp\/v2\/product_cat?post=18979"},{"taxonomy":"product_tag","embeddable":true,"href":"https:\/\/uj.adatbank.ro\/lexikon\/wp-json\/wp\/v2\/product_tag?post=18979"}],"curies":[{"name":"wp","href":"https:\/\/api.w.org\/{rel}","templated":true}]}}