{"id":1898,"date":"2025-06-28T11:57:04","date_gmt":"2025-06-28T09:57:04","guid":{"rendered":"https:\/\/uj.adatbank.ro\/lexikon\/termek\/bako-pal-3\/"},"modified":"2026-02-17T08:25:50","modified_gmt":"2026-02-17T07:25:50","slug":"bako-pal-3","status":"publish","type":"product","link":"https:\/\/uj.adatbank.ro\/lexikon\/termek\/bako-pal-3\/","title":{"rendered":"BAK\u00d3 P\u00e1l"},"content":{"rendered":"<p>? \u2020\u00a0? : cip\u00e9sz \u2013 Mv.-en tart\u00f3ztatt\u00e1k le mint evangelist\u00e1t, azaz laikus igehirdet\u0151t (1958. \u00e1pr. 10.), azzal v\u00e1dolt\u00e1k, hogy a CE-sz\u00f6vets\u00e9g tagja. 10 \u00e9v b\u00f6rt\u00f6nb\u00fcntet\u00e9sre \u00edt\u00e9lt\u00e9k (1958. aug. 5.).<br \/>\n<strong>Irod.:<\/strong> Bottoni 2006; Id\u0151t\u00e1r 4.<\/p>\n","protected":false},"excerpt":{"rendered":"<p>? \u2020\u00a0? : cip\u00e9sz \u2013 Mv.-en tart\u00f3ztatt\u00e1k le mint evangelist\u00e1t, azaz laikus igehirdet\u0151t (1958. \u00e1pr. 10.), azzal v\u00e1dolt\u00e1k, hogy a CE-sz\u00f6vets\u00e9g tagja. 10 \u00e9v b\u00f6rt\u00f6nb\u00fcntet\u00e9sre \u00edt\u00e9lt\u00e9k (1958. aug. 5.). Irod.: Bottoni 2006; Id\u0151t\u00e1r 4.<\/p>\n","protected":false},"featured_media":0,"comment_status":"open","ping_status":"closed","template":"","meta":[],"product_brand":[],"product_cat":[137],"product_tag":[],"class_list":{"0":"post-1898","1":"product","2":"type-product","3":"status-publish","5":"product_cat-maros-megyei-eletrajzi-lexikon","7":"first","8":"instock","9":"shipping-taxable","10":"product-type-simple"},"_links":{"self":[{"href":"https:\/\/uj.adatbank.ro\/lexikon\/wp-json\/wp\/v2\/product\/1898","targetHints":{"allow":["GET"]}}],"collection":[{"href":"https:\/\/uj.adatbank.ro\/lexikon\/wp-json\/wp\/v2\/product"}],"about":[{"href":"https:\/\/uj.adatbank.ro\/lexikon\/wp-json\/wp\/v2\/types\/product"}],"replies":[{"embeddable":true,"href":"https:\/\/uj.adatbank.ro\/lexikon\/wp-json\/wp\/v2\/comments?post=1898"}],"wp:attachment":[{"href":"https:\/\/uj.adatbank.ro\/lexikon\/wp-json\/wp\/v2\/media?parent=1898"}],"wp:term":[{"taxonomy":"product_brand","embeddable":true,"href":"https:\/\/uj.adatbank.ro\/lexikon\/wp-json\/wp\/v2\/product_brand?post=1898"},{"taxonomy":"product_cat","embeddable":true,"href":"https:\/\/uj.adatbank.ro\/lexikon\/wp-json\/wp\/v2\/product_cat?post=1898"},{"taxonomy":"product_tag","embeddable":true,"href":"https:\/\/uj.adatbank.ro\/lexikon\/wp-json\/wp\/v2\/product_tag?post=1898"}],"curies":[{"name":"wp","href":"https:\/\/api.w.org\/{rel}","templated":true}]}}