{"id":18980,"date":"2025-07-16T11:13:16","date_gmt":"2025-07-16T09:13:16","guid":{"rendered":"https:\/\/uj.adatbank.ro\/lexikon\/termek\/rakosi-marton-rakosi-martin\/"},"modified":"2025-07-16T11:13:16","modified_gmt":"2025-07-16T09:13:16","slug":"rakosi-marton-rakosi-martin","status":"publish","type":"product","link":"https:\/\/uj.adatbank.ro\/lexikon\/termek\/rakosi-marton-rakosi-martin\/","title":{"rendered":"R\u00c1KOSI M\u00e1rton; R\u00e1kosi Martin"},"content":{"rendered":"<p>? \u2020\u00a0?: k\u0151m\u0171ves, eln\u00f6k. \u2013 A Roma Sz\u00f6vets\u00e9g dics\u0151szentm\u00e1rtoni szervezet\u00e9nek alakul\u00f3 \u00fcl\u00e9s\u00e9n v\u00e1lasztott\u00e1k meg eln\u00f6knek (1934. j\u00fan. 10.). <br \/><strong>Irod.:<\/strong> \u0162iganii din Rom.<\/br><\/p>\n","protected":false},"excerpt":{"rendered":"<p>? \u2020\u00a0?: k\u0151m\u0171ves, eln\u00f6k. \u2013 A Roma Sz\u00f6vets\u00e9g dics\u0151szentm\u00e1rtoni szervezet\u00e9nek alakul\u00f3 \u00fcl\u00e9s\u00e9n v\u00e1lasztott\u00e1k meg eln\u00f6knek (1934. j\u00fan. 10.). Irod.: \u0162iganii din Rom.<\/p>\n","protected":false},"featured_media":0,"comment_status":"open","ping_status":"closed","template":"","meta":[],"product_brand":[],"product_cat":[137],"product_tag":[],"class_list":{"0":"post-18980","1":"product","2":"type-product","3":"status-publish","5":"product_cat-maros-megyei-eletrajzi-lexikon","7":"first","8":"instock","9":"shipping-taxable","10":"product-type-simple"},"_links":{"self":[{"href":"https:\/\/uj.adatbank.ro\/lexikon\/wp-json\/wp\/v2\/product\/18980","targetHints":{"allow":["GET"]}}],"collection":[{"href":"https:\/\/uj.adatbank.ro\/lexikon\/wp-json\/wp\/v2\/product"}],"about":[{"href":"https:\/\/uj.adatbank.ro\/lexikon\/wp-json\/wp\/v2\/types\/product"}],"replies":[{"embeddable":true,"href":"https:\/\/uj.adatbank.ro\/lexikon\/wp-json\/wp\/v2\/comments?post=18980"}],"wp:attachment":[{"href":"https:\/\/uj.adatbank.ro\/lexikon\/wp-json\/wp\/v2\/media?parent=18980"}],"wp:term":[{"taxonomy":"product_brand","embeddable":true,"href":"https:\/\/uj.adatbank.ro\/lexikon\/wp-json\/wp\/v2\/product_brand?post=18980"},{"taxonomy":"product_cat","embeddable":true,"href":"https:\/\/uj.adatbank.ro\/lexikon\/wp-json\/wp\/v2\/product_cat?post=18980"},{"taxonomy":"product_tag","embeddable":true,"href":"https:\/\/uj.adatbank.ro\/lexikon\/wp-json\/wp\/v2\/product_tag?post=18980"}],"curies":[{"name":"wp","href":"https:\/\/api.w.org\/{rel}","templated":true}]}}