{"id":18981,"date":"2025-07-16T11:13:17","date_gmt":"2025-07-16T09:13:17","guid":{"rendered":"https:\/\/uj.adatbank.ro\/lexikon\/termek\/rakosi-zoltan\/"},"modified":"2025-07-16T11:13:17","modified_gmt":"2025-07-16T09:13:17","slug":"rakosi-zoltan","status":"publish","type":"product","link":"https:\/\/uj.adatbank.ro\/lexikon\/termek\/rakosi-zoltan\/","title":{"rendered":"R\u00c1KOSI Zolt\u00e1n"},"content":{"rendered":"<p>Beseny\u0151, 1908. dec. 31.,\u2020 Mv., 1983. jan. 26.\u00a0: tan\u00edt\u00f3, tan\u00e1r. \u2013 Orosz tan\u00e1r volt \u00e9s idegenvezet\u0151. A mv.-i 4-es sz. k\u00f6z\u00e9piskol\u00e1ban tan\u00edtott (1950-es \u00e9vekben). <br \/><strong>Irod.:<\/strong> [Nekrol\u00f3g] (V. Z., 1983. jan. 29.)<\/br><\/p>\n","protected":false},"excerpt":{"rendered":"<p>Beseny\u0151, 1908. dec. 31.,\u2020 Mv., 1983. jan. 26.\u00a0: tan\u00edt\u00f3, tan\u00e1r. \u2013 Orosz tan\u00e1r volt \u00e9s idegenvezet\u0151. A mv.-i 4-es sz. k\u00f6z\u00e9piskol\u00e1ban tan\u00edtott (1950-es \u00e9vekben). Irod.: [Nekrol\u00f3g] (V. Z., 1983. jan. 29.)<\/p>\n","protected":false},"featured_media":0,"comment_status":"open","ping_status":"closed","template":"","meta":[],"product_brand":[],"product_cat":[137],"product_tag":[],"class_list":{"0":"post-18981","1":"product","2":"type-product","3":"status-publish","5":"product_cat-maros-megyei-eletrajzi-lexikon","7":"first","8":"instock","9":"shipping-taxable","10":"product-type-simple"},"_links":{"self":[{"href":"https:\/\/uj.adatbank.ro\/lexikon\/wp-json\/wp\/v2\/product\/18981","targetHints":{"allow":["GET"]}}],"collection":[{"href":"https:\/\/uj.adatbank.ro\/lexikon\/wp-json\/wp\/v2\/product"}],"about":[{"href":"https:\/\/uj.adatbank.ro\/lexikon\/wp-json\/wp\/v2\/types\/product"}],"replies":[{"embeddable":true,"href":"https:\/\/uj.adatbank.ro\/lexikon\/wp-json\/wp\/v2\/comments?post=18981"}],"wp:attachment":[{"href":"https:\/\/uj.adatbank.ro\/lexikon\/wp-json\/wp\/v2\/media?parent=18981"}],"wp:term":[{"taxonomy":"product_brand","embeddable":true,"href":"https:\/\/uj.adatbank.ro\/lexikon\/wp-json\/wp\/v2\/product_brand?post=18981"},{"taxonomy":"product_cat","embeddable":true,"href":"https:\/\/uj.adatbank.ro\/lexikon\/wp-json\/wp\/v2\/product_cat?post=18981"},{"taxonomy":"product_tag","embeddable":true,"href":"https:\/\/uj.adatbank.ro\/lexikon\/wp-json\/wp\/v2\/product_tag?post=18981"}],"curies":[{"name":"wp","href":"https:\/\/api.w.org\/{rel}","templated":true}]}}