{"id":18982,"date":"2025-07-16T11:13:19","date_gmt":"2025-07-16T09:13:19","guid":{"rendered":"https:\/\/uj.adatbank.ro\/lexikon\/termek\/rakosy-denes\/"},"modified":"2025-07-16T11:13:19","modified_gmt":"2025-07-16T09:13:19","slug":"rakosy-denes","status":"publish","type":"product","link":"https:\/\/uj.adatbank.ro\/lexikon\/termek\/rakosy-denes\/","title":{"rendered":"R\u00c1KOSY D\u00e9nes"},"content":{"rendered":"<p>Fels\u0151csern\u00e1ton, 1891.,\u00a0\u2020\u00a0?: k\u00f6rjegyz\u0151. \u2013 A csal\u00e1d a nemess\u00e9get II. R\u00e1k\u00f3czi Gy\u00f6rgyt\u0151l kapta. Jegyz\u0151i oklevelet szerzett (1912), Gy\u00edmesfels\u0151lokon kezdte p\u00e1lyafut\u00e1s\u00e1t, azuz\u00e1n Nagys\u00e1rm\u00e1son, Vargyason. J\u00e1szap\u00e1tiban \u00e9s Als\u00f3csern\u00e1tonba ker\u00fclt, majd Mez\u0151erkeden tev\u00e9kenykedett (1940\u2013). <br \/><strong>Irod.:<\/strong> Sz\u00e9kelyf\u00f6ld \u00ed.k<\/br><\/p>\n","protected":false},"excerpt":{"rendered":"<p>Fels\u0151csern\u00e1ton, 1891.,\u00a0\u2020\u00a0?: k\u00f6rjegyz\u0151. \u2013 A csal\u00e1d a nemess\u00e9get II. R\u00e1k\u00f3czi Gy\u00f6rgyt\u0151l kapta. Jegyz\u0151i oklevelet szerzett (1912), Gy\u00edmesfels\u0151lokon kezdte p\u00e1lyafut\u00e1s\u00e1t, azuz\u00e1n Nagys\u00e1rm\u00e1son, Vargyason. J\u00e1szap\u00e1tiban \u00e9s Als\u00f3csern\u00e1tonba ker\u00fclt, majd Mez\u0151erkeden tev\u00e9kenykedett (1940\u2013). Irod.: Sz\u00e9kelyf\u00f6ld \u00ed.k<\/p>\n","protected":false},"featured_media":0,"comment_status":"open","ping_status":"closed","template":"","meta":[],"product_brand":[],"product_cat":[137],"product_tag":[],"class_list":{"0":"post-18982","1":"product","2":"type-product","3":"status-publish","5":"product_cat-maros-megyei-eletrajzi-lexikon","7":"first","8":"instock","9":"shipping-taxable","10":"product-type-simple"},"_links":{"self":[{"href":"https:\/\/uj.adatbank.ro\/lexikon\/wp-json\/wp\/v2\/product\/18982","targetHints":{"allow":["GET"]}}],"collection":[{"href":"https:\/\/uj.adatbank.ro\/lexikon\/wp-json\/wp\/v2\/product"}],"about":[{"href":"https:\/\/uj.adatbank.ro\/lexikon\/wp-json\/wp\/v2\/types\/product"}],"replies":[{"embeddable":true,"href":"https:\/\/uj.adatbank.ro\/lexikon\/wp-json\/wp\/v2\/comments?post=18982"}],"wp:attachment":[{"href":"https:\/\/uj.adatbank.ro\/lexikon\/wp-json\/wp\/v2\/media?parent=18982"}],"wp:term":[{"taxonomy":"product_brand","embeddable":true,"href":"https:\/\/uj.adatbank.ro\/lexikon\/wp-json\/wp\/v2\/product_brand?post=18982"},{"taxonomy":"product_cat","embeddable":true,"href":"https:\/\/uj.adatbank.ro\/lexikon\/wp-json\/wp\/v2\/product_cat?post=18982"},{"taxonomy":"product_tag","embeddable":true,"href":"https:\/\/uj.adatbank.ro\/lexikon\/wp-json\/wp\/v2\/product_tag?post=18982"}],"curies":[{"name":"wp","href":"https:\/\/api.w.org\/{rel}","templated":true}]}}