{"id":18984,"date":"2025-07-16T11:13:23","date_gmt":"2025-07-16T09:13:23","guid":{"rendered":"https:\/\/uj.adatbank.ro\/lexikon\/termek\/raksanyi-etelka\/"},"modified":"2025-07-16T11:13:23","modified_gmt":"2025-07-16T09:13:23","slug":"raksanyi-etelka","status":"publish","type":"product","link":"https:\/\/uj.adatbank.ro\/lexikon\/termek\/raksanyi-etelka\/","title":{"rendered":"RAKS\u00c1NYI Etelka"},"content":{"rendered":"<p>? \u2020\u00a0?: tan\u00e1rn\u0151. \u2013 A mv.-i ref. elemi \u00e9s polg\u00e1ri le\u00e1nyiskola tan\u00e1rn\u0151je, sz\u00e1mtant, term\u00e9szetrazott, magyart, f\u00f6ldrajzot \u00e9s torn\u00e1t tan\u00edtott (1918. dec.\u20131920. m\u00e1j.). Igazgat\u00f3ja. A mv.-i Kaszin\u00f3 tagja (1933\u2013). <br \/><strong>Irod.:<\/strong> Eml\u00e9kk. Szab\u00f3 Mikl\u00f3s; De\u00e9 Nagy<\/br><\/p>\n","protected":false},"excerpt":{"rendered":"<p>? \u2020\u00a0?: tan\u00e1rn\u0151. \u2013 A mv.-i ref. elemi \u00e9s polg\u00e1ri le\u00e1nyiskola tan\u00e1rn\u0151je, sz\u00e1mtant, term\u00e9szetrazott, magyart, f\u00f6ldrajzot \u00e9s torn\u00e1t tan\u00edtott (1918. dec.\u20131920. m\u00e1j.). Igazgat\u00f3ja. A mv.-i Kaszin\u00f3 tagja (1933\u2013). Irod.: Eml\u00e9kk. Szab\u00f3 Mikl\u00f3s; De\u00e9 Nagy<\/p>\n","protected":false},"featured_media":0,"comment_status":"open","ping_status":"closed","template":"","meta":[],"product_brand":[],"product_cat":[137],"product_tag":[],"class_list":{"0":"post-18984","1":"product","2":"type-product","3":"status-publish","5":"product_cat-maros-megyei-eletrajzi-lexikon","7":"first","8":"instock","9":"shipping-taxable","10":"product-type-simple"},"_links":{"self":[{"href":"https:\/\/uj.adatbank.ro\/lexikon\/wp-json\/wp\/v2\/product\/18984","targetHints":{"allow":["GET"]}}],"collection":[{"href":"https:\/\/uj.adatbank.ro\/lexikon\/wp-json\/wp\/v2\/product"}],"about":[{"href":"https:\/\/uj.adatbank.ro\/lexikon\/wp-json\/wp\/v2\/types\/product"}],"replies":[{"embeddable":true,"href":"https:\/\/uj.adatbank.ro\/lexikon\/wp-json\/wp\/v2\/comments?post=18984"}],"wp:attachment":[{"href":"https:\/\/uj.adatbank.ro\/lexikon\/wp-json\/wp\/v2\/media?parent=18984"}],"wp:term":[{"taxonomy":"product_brand","embeddable":true,"href":"https:\/\/uj.adatbank.ro\/lexikon\/wp-json\/wp\/v2\/product_brand?post=18984"},{"taxonomy":"product_cat","embeddable":true,"href":"https:\/\/uj.adatbank.ro\/lexikon\/wp-json\/wp\/v2\/product_cat?post=18984"},{"taxonomy":"product_tag","embeddable":true,"href":"https:\/\/uj.adatbank.ro\/lexikon\/wp-json\/wp\/v2\/product_tag?post=18984"}],"curies":[{"name":"wp","href":"https:\/\/api.w.org\/{rel}","templated":true}]}}