{"id":18985,"date":"2025-07-16T11:13:27","date_gmt":"2025-07-16T09:13:27","guid":{"rendered":"https:\/\/uj.adatbank.ro\/lexikon\/termek\/raksanyi-thuroczy-kalman-rakssai\/"},"modified":"2025-07-16T11:13:27","modified_gmt":"2025-07-16T09:13:27","slug":"raksanyi-thuroczy-kalman-rakssai","status":"publish","type":"product","link":"https:\/\/uj.adatbank.ro\/lexikon\/termek\/raksanyi-thuroczy-kalman-rakssai\/","title":{"rendered":"RAKS\u00c1NYI THUR\u00d3CZY K\u00e1lm\u00e1n, rakssai"},"content":{"rendered":"<p>? \u2020 ?: ?. \u2013 Feles\u00e9ge: kib\u00e9di S\u00e1ndor Luiza (1856.? \u2013 Maroscsap\u00f3, 1927. jan. 24.). Gyermekei: R.-T. Istv\u00e1n, feles\u00e9ge tisza\u00fajhelyi \u00dajhelyi Neszta; K\u00e1lm\u00e1n, feles\u00e9ge Gyulay Karolina; R\u00f3za alvinci Szegedi Dezs\u0151n\u00e9. <br \/><strong>Irod.:<\/strong> Gy\u00e1szjelent\u0151<\/br><\/p>\n","protected":false},"excerpt":{"rendered":"<p>? \u2020 ?: ?. \u2013 Feles\u00e9ge: kib\u00e9di S\u00e1ndor Luiza (1856.? \u2013 Maroscsap\u00f3, 1927. jan. 24.). Gyermekei: R.-T. Istv\u00e1n, feles\u00e9ge tisza\u00fajhelyi \u00dajhelyi Neszta; K\u00e1lm\u00e1n, feles\u00e9ge Gyulay Karolina; R\u00f3za alvinci Szegedi Dezs\u0151n\u00e9. Irod.: Gy\u00e1szjelent\u0151<\/p>\n","protected":false},"featured_media":0,"comment_status":"open","ping_status":"closed","template":"","meta":[],"product_brand":[],"product_cat":[137],"product_tag":[],"class_list":{"0":"post-18985","1":"product","2":"type-product","3":"status-publish","5":"product_cat-maros-megyei-eletrajzi-lexikon","7":"first","8":"instock","9":"shipping-taxable","10":"product-type-simple"},"_links":{"self":[{"href":"https:\/\/uj.adatbank.ro\/lexikon\/wp-json\/wp\/v2\/product\/18985","targetHints":{"allow":["GET"]}}],"collection":[{"href":"https:\/\/uj.adatbank.ro\/lexikon\/wp-json\/wp\/v2\/product"}],"about":[{"href":"https:\/\/uj.adatbank.ro\/lexikon\/wp-json\/wp\/v2\/types\/product"}],"replies":[{"embeddable":true,"href":"https:\/\/uj.adatbank.ro\/lexikon\/wp-json\/wp\/v2\/comments?post=18985"}],"wp:attachment":[{"href":"https:\/\/uj.adatbank.ro\/lexikon\/wp-json\/wp\/v2\/media?parent=18985"}],"wp:term":[{"taxonomy":"product_brand","embeddable":true,"href":"https:\/\/uj.adatbank.ro\/lexikon\/wp-json\/wp\/v2\/product_brand?post=18985"},{"taxonomy":"product_cat","embeddable":true,"href":"https:\/\/uj.adatbank.ro\/lexikon\/wp-json\/wp\/v2\/product_cat?post=18985"},{"taxonomy":"product_tag","embeddable":true,"href":"https:\/\/uj.adatbank.ro\/lexikon\/wp-json\/wp\/v2\/product_tag?post=18985"}],"curies":[{"name":"wp","href":"https:\/\/api.w.org\/{rel}","templated":true}]}}