{"id":18986,"date":"2025-07-16T11:13:29","date_gmt":"2025-07-16T09:13:29","guid":{"rendered":"https:\/\/uj.adatbank.ro\/lexikon\/termek\/raksanyi-thuroczy-kalman-rakssai-2\/"},"modified":"2025-07-16T11:13:29","modified_gmt":"2025-07-16T09:13:29","slug":"raksanyi-thuroczy-kalman-rakssai-2","status":"publish","type":"product","link":"https:\/\/uj.adatbank.ro\/lexikon\/termek\/raksanyi-thuroczy-kalman-rakssai-2\/","title":{"rendered":"RAKS\u00c1NYI THUR\u00d3CZY K\u00e1lm\u00e1n, rakssai"},"content":{"rendered":"<p>1879.? \u2020\u00a0Mv.,1941. m\u00e1j. 4.: tisztvisel\u0151. \u2013 Testv\u00e9re: rakssai R. T. R\u00f3za. Feles\u00e9ge: szentd\u00f6m\u00f6t\u00f6ri Gyulay Karolina. Le\u00e1nyuk: R. T. Vilma tarcsfalvi P\u00e1lffy Szil\u00e1rdn\u00e9. \u2013 M\u00c1V f\u0151tisztvisel\u0151. <br \/><strong>Irod.:<\/strong> Gy\u00e1szjelent\u0151<\/br><\/p>\n","protected":false},"excerpt":{"rendered":"<p>1879.? \u2020\u00a0Mv.,1941. m\u00e1j. 4.: tisztvisel\u0151. \u2013 Testv\u00e9re: rakssai R. T. R\u00f3za. Feles\u00e9ge: szentd\u00f6m\u00f6t\u00f6ri Gyulay Karolina. Le\u00e1nyuk: R. T. Vilma tarcsfalvi P\u00e1lffy Szil\u00e1rdn\u00e9. \u2013 M\u00c1V f\u0151tisztvisel\u0151. Irod.: Gy\u00e1szjelent\u0151<\/p>\n","protected":false},"featured_media":0,"comment_status":"open","ping_status":"closed","template":"","meta":[],"product_brand":[],"product_cat":[137],"product_tag":[],"class_list":{"0":"post-18986","1":"product","2":"type-product","3":"status-publish","5":"product_cat-maros-megyei-eletrajzi-lexikon","7":"first","8":"instock","9":"shipping-taxable","10":"product-type-simple"},"_links":{"self":[{"href":"https:\/\/uj.adatbank.ro\/lexikon\/wp-json\/wp\/v2\/product\/18986","targetHints":{"allow":["GET"]}}],"collection":[{"href":"https:\/\/uj.adatbank.ro\/lexikon\/wp-json\/wp\/v2\/product"}],"about":[{"href":"https:\/\/uj.adatbank.ro\/lexikon\/wp-json\/wp\/v2\/types\/product"}],"replies":[{"embeddable":true,"href":"https:\/\/uj.adatbank.ro\/lexikon\/wp-json\/wp\/v2\/comments?post=18986"}],"wp:attachment":[{"href":"https:\/\/uj.adatbank.ro\/lexikon\/wp-json\/wp\/v2\/media?parent=18986"}],"wp:term":[{"taxonomy":"product_brand","embeddable":true,"href":"https:\/\/uj.adatbank.ro\/lexikon\/wp-json\/wp\/v2\/product_brand?post=18986"},{"taxonomy":"product_cat","embeddable":true,"href":"https:\/\/uj.adatbank.ro\/lexikon\/wp-json\/wp\/v2\/product_cat?post=18986"},{"taxonomy":"product_tag","embeddable":true,"href":"https:\/\/uj.adatbank.ro\/lexikon\/wp-json\/wp\/v2\/product_tag?post=18986"}],"curies":[{"name":"wp","href":"https:\/\/api.w.org\/{rel}","templated":true}]}}