{"id":18988,"date":"2025-07-16T11:13:34","date_gmt":"2025-07-16T09:13:34","guid":{"rendered":"https:\/\/uj.adatbank.ro\/lexikon\/termek\/ramocsa-mihaly\/"},"modified":"2025-07-16T11:13:34","modified_gmt":"2025-07-16T09:13:34","slug":"ramocsa-mihaly","status":"publish","type":"product","link":"https:\/\/uj.adatbank.ro\/lexikon\/termek\/ramocsa-mihaly\/","title":{"rendered":"RAMOCSA Mih\u00e1ly"},"content":{"rendered":"<p>? \u2020\u00a0?: g\u00f6rg\u00e9nyi alisp\u00e1n, v\u00e1rnagy. \u2013 B\u00e1tori Istv\u00e1n orsz\u00e1gb\u00edr\u00f3, erd\u00e9lyi vajda \u00e9s sz\u00e9kelyek isp\u00e1nja megparancsolta R. L. \u00c9s Mih\u00e1ly g\u00f6rg\u00e9nyi v\u00e1rnagyoknak s a marossz\u00e9ki tiszteknek, hogy V\u00e1s\u00e1rhely mez\u0151v\u00e1ros lakosait r\u00e9gi szabads\u00e1gaikban h\u00e1borgatni s k\u00e1ros\u00edtani ne merj\u00e9k (G\u00f6rg\u00e9ny v\u00e1ra, 1481. \u00e1pr. 9). <br \/><strong>Irod.:<\/strong> L\u00e1z\u00e1r Mikl\u00f3s: Sz\u00e9kely isp\u00e1nok \u00e9s alisp\u00e1nok a moh\u00e1csi v\u00e9szig (Bp., 1881); SzOkl, 1<\/br><\/p>\n","protected":false},"excerpt":{"rendered":"<p>? \u2020\u00a0?: g\u00f6rg\u00e9nyi alisp\u00e1n, v\u00e1rnagy. \u2013 B\u00e1tori Istv\u00e1n orsz\u00e1gb\u00edr\u00f3, erd\u00e9lyi vajda \u00e9s sz\u00e9kelyek isp\u00e1nja megparancsolta R. L. \u00c9s Mih\u00e1ly g\u00f6rg\u00e9nyi v\u00e1rnagyoknak s a marossz\u00e9ki tiszteknek, hogy V\u00e1s\u00e1rhely mez\u0151v\u00e1ros lakosait r\u00e9gi szabads\u00e1gaikban h\u00e1borgatni s k\u00e1ros\u00edtani ne merj\u00e9k (G\u00f6rg\u00e9ny v\u00e1ra, 1481. \u00e1pr. 9). Irod.: L\u00e1z\u00e1r Mikl\u00f3s: Sz\u00e9kely isp\u00e1nok \u00e9s alisp\u00e1nok a moh\u00e1csi v\u00e9szig (Bp., 1881); SzOkl, 1<\/p>\n","protected":false},"featured_media":0,"comment_status":"open","ping_status":"closed","template":"","meta":[],"product_brand":[],"product_cat":[137],"product_tag":[],"class_list":{"0":"post-18988","1":"product","2":"type-product","3":"status-publish","5":"product_cat-maros-megyei-eletrajzi-lexikon","7":"first","8":"instock","9":"shipping-taxable","10":"product-type-simple"},"_links":{"self":[{"href":"https:\/\/uj.adatbank.ro\/lexikon\/wp-json\/wp\/v2\/product\/18988","targetHints":{"allow":["GET"]}}],"collection":[{"href":"https:\/\/uj.adatbank.ro\/lexikon\/wp-json\/wp\/v2\/product"}],"about":[{"href":"https:\/\/uj.adatbank.ro\/lexikon\/wp-json\/wp\/v2\/types\/product"}],"replies":[{"embeddable":true,"href":"https:\/\/uj.adatbank.ro\/lexikon\/wp-json\/wp\/v2\/comments?post=18988"}],"wp:attachment":[{"href":"https:\/\/uj.adatbank.ro\/lexikon\/wp-json\/wp\/v2\/media?parent=18988"}],"wp:term":[{"taxonomy":"product_brand","embeddable":true,"href":"https:\/\/uj.adatbank.ro\/lexikon\/wp-json\/wp\/v2\/product_brand?post=18988"},{"taxonomy":"product_cat","embeddable":true,"href":"https:\/\/uj.adatbank.ro\/lexikon\/wp-json\/wp\/v2\/product_cat?post=18988"},{"taxonomy":"product_tag","embeddable":true,"href":"https:\/\/uj.adatbank.ro\/lexikon\/wp-json\/wp\/v2\/product_tag?post=18988"}],"curies":[{"name":"wp","href":"https:\/\/api.w.org\/{rel}","templated":true}]}}