{"id":18989,"date":"2025-07-16T11:13:35","date_gmt":"2025-07-16T09:13:35","guid":{"rendered":"https:\/\/uj.adatbank.ro\/lexikon\/termek\/ramocsai-lorinc\/"},"modified":"2025-07-16T11:13:35","modified_gmt":"2025-07-16T09:13:35","slug":"ramocsai-lorinc","status":"publish","type":"product","link":"https:\/\/uj.adatbank.ro\/lexikon\/termek\/ramocsai-lorinc\/","title":{"rendered":"RAMOCSAI L\u0151rinc"},"content":{"rendered":"<p>? \u2020\u00a0?: v\u00e1rnagy. \u2013 G\u00f6rg\u00e9nyi v\u00e1rnagy egy\u00fctt Ramocsai Mih\u00e1llyal.. \u2013 B\u00e1thori Istv\u00e1n sz\u00e9kely isp\u00e1n figyelmeztete \u0151ket \u00e9s Marossz\u00e9k b\u00edr\u00e1j\u00e1t, kapit\u00e1ny\u00e1t, hogy tarts\u00e1k be Sz\u00e9kelyv\u00e1s\u00e1rhely\/ Mv. jogk\u00f6r\u00e9t, a szabads\u00e1gjogokat (1481. \u00e1pr. 9.). <br \/><strong>Irod.:<\/strong> Sz\u00e9kelys\u00e9g<\/br><\/p>\n","protected":false},"excerpt":{"rendered":"<p>? \u2020\u00a0?: v\u00e1rnagy. \u2013 G\u00f6rg\u00e9nyi v\u00e1rnagy egy\u00fctt Ramocsai Mih\u00e1llyal.. \u2013 B\u00e1thori Istv\u00e1n sz\u00e9kely isp\u00e1n figyelmeztete \u0151ket \u00e9s Marossz\u00e9k b\u00edr\u00e1j\u00e1t, kapit\u00e1ny\u00e1t, hogy tarts\u00e1k be Sz\u00e9kelyv\u00e1s\u00e1rhely\/ Mv. jogk\u00f6r\u00e9t, a szabads\u00e1gjogokat (1481. \u00e1pr. 9.). Irod.: Sz\u00e9kelys\u00e9g<\/p>\n","protected":false},"featured_media":0,"comment_status":"open","ping_status":"closed","template":"","meta":[],"product_brand":[],"product_cat":[137],"product_tag":[],"class_list":{"0":"post-18989","1":"product","2":"type-product","3":"status-publish","5":"product_cat-maros-megyei-eletrajzi-lexikon","7":"first","8":"instock","9":"shipping-taxable","10":"product-type-simple"},"_links":{"self":[{"href":"https:\/\/uj.adatbank.ro\/lexikon\/wp-json\/wp\/v2\/product\/18989","targetHints":{"allow":["GET"]}}],"collection":[{"href":"https:\/\/uj.adatbank.ro\/lexikon\/wp-json\/wp\/v2\/product"}],"about":[{"href":"https:\/\/uj.adatbank.ro\/lexikon\/wp-json\/wp\/v2\/types\/product"}],"replies":[{"embeddable":true,"href":"https:\/\/uj.adatbank.ro\/lexikon\/wp-json\/wp\/v2\/comments?post=18989"}],"wp:attachment":[{"href":"https:\/\/uj.adatbank.ro\/lexikon\/wp-json\/wp\/v2\/media?parent=18989"}],"wp:term":[{"taxonomy":"product_brand","embeddable":true,"href":"https:\/\/uj.adatbank.ro\/lexikon\/wp-json\/wp\/v2\/product_brand?post=18989"},{"taxonomy":"product_cat","embeddable":true,"href":"https:\/\/uj.adatbank.ro\/lexikon\/wp-json\/wp\/v2\/product_cat?post=18989"},{"taxonomy":"product_tag","embeddable":true,"href":"https:\/\/uj.adatbank.ro\/lexikon\/wp-json\/wp\/v2\/product_tag?post=18989"}],"curies":[{"name":"wp","href":"https:\/\/api.w.org\/{rel}","templated":true}]}}