{"id":1899,"date":"2025-06-28T11:57:06","date_gmt":"2025-06-28T09:57:06","guid":{"rendered":"https:\/\/uj.adatbank.ro\/lexikon\/termek\/bako-pal-mosoni\/"},"modified":"2025-06-28T11:57:06","modified_gmt":"2025-06-28T09:57:06","slug":"bako-pal-mosoni","status":"publish","type":"product","link":"https:\/\/uj.adatbank.ro\/lexikon\/termek\/bako-pal-mosoni\/","title":{"rendered":"BAK\u00d3 P\u00e1l, mosoni"},"content":{"rendered":"<p>? \u2020 ? : nemes. \u2013 B\u00e1thori Zsigmond fejedelemt\u0151l l\u00f3f\u0151s\u00e9get, primilaris-levelet nyert (1602. febr. 27.). <br \/><strong>Irod.:<\/strong> Kempelen; P\u00e1lmay<\/br><\/p>\n","protected":false},"excerpt":{"rendered":"<p>? \u2020 ? : nemes. \u2013 B\u00e1thori Zsigmond fejedelemt\u0151l l\u00f3f\u0151s\u00e9get, primilaris-levelet nyert (1602. febr. 27.). Irod.: Kempelen; P\u00e1lmay<\/p>\n","protected":false},"featured_media":0,"comment_status":"open","ping_status":"closed","template":"","meta":[],"product_brand":[],"product_cat":[137],"product_tag":[],"class_list":{"0":"post-1899","1":"product","2":"type-product","3":"status-publish","5":"product_cat-maros-megyei-eletrajzi-lexikon","7":"first","8":"instock","9":"shipping-taxable","10":"product-type-simple"},"_links":{"self":[{"href":"https:\/\/uj.adatbank.ro\/lexikon\/wp-json\/wp\/v2\/product\/1899","targetHints":{"allow":["GET"]}}],"collection":[{"href":"https:\/\/uj.adatbank.ro\/lexikon\/wp-json\/wp\/v2\/product"}],"about":[{"href":"https:\/\/uj.adatbank.ro\/lexikon\/wp-json\/wp\/v2\/types\/product"}],"replies":[{"embeddable":true,"href":"https:\/\/uj.adatbank.ro\/lexikon\/wp-json\/wp\/v2\/comments?post=1899"}],"wp:attachment":[{"href":"https:\/\/uj.adatbank.ro\/lexikon\/wp-json\/wp\/v2\/media?parent=1899"}],"wp:term":[{"taxonomy":"product_brand","embeddable":true,"href":"https:\/\/uj.adatbank.ro\/lexikon\/wp-json\/wp\/v2\/product_brand?post=1899"},{"taxonomy":"product_cat","embeddable":true,"href":"https:\/\/uj.adatbank.ro\/lexikon\/wp-json\/wp\/v2\/product_cat?post=1899"},{"taxonomy":"product_tag","embeddable":true,"href":"https:\/\/uj.adatbank.ro\/lexikon\/wp-json\/wp\/v2\/product_tag?post=1899"}],"curies":[{"name":"wp","href":"https:\/\/api.w.org\/{rel}","templated":true}]}}