{"id":18990,"date":"2025-07-16T11:13:38","date_gmt":"2025-07-16T09:13:38","guid":{"rendered":"https:\/\/uj.adatbank.ro\/lexikon\/termek\/ranca-ion-ioan\/"},"modified":"2025-07-16T11:13:38","modified_gmt":"2025-07-16T09:13:38","slug":"ranca-ion-ioan","status":"publish","type":"product","link":"https:\/\/uj.adatbank.ro\/lexikon\/termek\/ranca-ion-ioan\/","title":{"rendered":"RANCA, Ion \/ Ioan"},"content":{"rendered":"<p>Nagyenyed, 1932. febr. 19., \u2020\u00a0?: t\u00f6rt\u00e9n\u00e9sz. \u2013 A kv.-i BBTE-en v\u00e9gzett t\u00f6rt\u00e9nelem szakot, doktor\u00e1lt (1986). Az \u00c1llami lev\u00e9lt\u00e1r nagyenyedi fi\u00f3kj\u00e1nak megalap\u00edt\u00f3ja, vezet\u0151je (1955\u201362), majd a mv.-i \u00c1llami Lev\u00e9lt\u00e1r igazgat\u00f3ja (1962\u201390). Ebben a min\u0151s\u00e9g\u00e9ben tonn\u00e1nyi lev\u00e9lt\u00e1ri dokumentumot mentett meg a zuzd\u00e1ba k\u00fcld\u00e9st\u0151l. Kutat\u00f3k\u00e9nt t\u00f6bb mint 300 cikket, tanulm\u00e1nyt k\u00f6z\u00f6lt helyi \u00e9s orsz\u00e1gos lapokban, foly\u00f3iratokban: Studii, Studii \u015fi materiale, Marisia, Vatra&#8230;\u2013 <strong>F. m.:<\/strong> Ioan Oros \u2013 alias Rusu \u2013 Memorii (Buc., 1989); Drumul Holocaustului (Calvarul evreilor din nord-vestul Transilvaniei sub ocupa\u0163ia Ungariei, 5. IX. 1940\u201325. X. 1944.) (Vasile Ciub\u0103ncan, Maria Ganea-val; Cluj-N., 1995); Rom\u00e2nii din Scaunele secuie\u015fti \u00een antroponimele din conscrip\u0163ii. Vol. 1. : Scaunul Mure\u015f 1699\u20131821 (Cluj-N., 1995), Vol. 2.: Scaunul Ciuc, Giurgeu, Ca\u015fin 1567\u20131850 (Tg.M., 1997); Avram Iancu. Pe baricadele apusului (Tg.M., 1996); Rom\u00e2nii din Secuime, de pe Mure\u015f, de pe T\u0103rnave \u015fi C\u00e2mpie \u00een timpul r\u0103scoalei lui Horea (Tg.M., 1999); <strong>t\u00e1rssz.:<\/strong> Avram Iancu: documente \u015fi bibliografie (Valeriu Ni\u0163uval; Buc., 1974); Filiala Arhivelor Statului. Jude\u0163ul Mure\u015f (P\u00e1l-Antal, Al., Grama Viorel, Moldovan Ioan, Mure\u015fan Ionel; Buc., 1982); szerk: Rusu Ioan, Oros: Memorii (el\u0151sz\u00f3 Ioan Ranca; Buc., 1989). <br \/><strong>Irod.:<\/strong> R\u0103zvan Ducan: Un important \u015fi pasionat istoric mure\u015fean, I. R. (C. L., 21. apr. 1999)<\/br><\/p>\n","protected":false},"excerpt":{"rendered":"<p>Nagyenyed, 1932. febr. 19., \u2020\u00a0?: t\u00f6rt\u00e9n\u00e9sz. \u2013 A kv.-i BBTE-en v\u00e9gzett t\u00f6rt\u00e9nelem szakot, doktor\u00e1lt (1986). Az \u00c1llami lev\u00e9lt\u00e1r nagyenyedi fi\u00f3kj\u00e1nak megalap\u00edt\u00f3ja, vezet\u0151je (1955\u201362), majd a mv.-i \u00c1llami Lev\u00e9lt\u00e1r igazgat\u00f3ja (1962\u201390). Ebben a min\u0151s\u00e9g\u00e9ben tonn\u00e1nyi lev\u00e9lt\u00e1ri dokumentumot mentett meg a zuzd\u00e1ba k\u00fcld\u00e9st\u0151l. Kutat\u00f3k\u00e9nt t\u00f6bb mint 300 cikket, tanulm\u00e1nyt k\u00f6z\u00f6lt helyi \u00e9s orsz\u00e1gos lapokban, foly\u00f3iratokban: Studii, Studii [&hellip;]<\/p>\n","protected":false},"featured_media":0,"comment_status":"open","ping_status":"closed","template":"","meta":[],"product_brand":[],"product_cat":[137],"product_tag":[],"class_list":{"0":"post-18990","1":"product","2":"type-product","3":"status-publish","5":"product_cat-maros-megyei-eletrajzi-lexikon","7":"first","8":"instock","9":"shipping-taxable","10":"product-type-simple"},"_links":{"self":[{"href":"https:\/\/uj.adatbank.ro\/lexikon\/wp-json\/wp\/v2\/product\/18990","targetHints":{"allow":["GET"]}}],"collection":[{"href":"https:\/\/uj.adatbank.ro\/lexikon\/wp-json\/wp\/v2\/product"}],"about":[{"href":"https:\/\/uj.adatbank.ro\/lexikon\/wp-json\/wp\/v2\/types\/product"}],"replies":[{"embeddable":true,"href":"https:\/\/uj.adatbank.ro\/lexikon\/wp-json\/wp\/v2\/comments?post=18990"}],"wp:attachment":[{"href":"https:\/\/uj.adatbank.ro\/lexikon\/wp-json\/wp\/v2\/media?parent=18990"}],"wp:term":[{"taxonomy":"product_brand","embeddable":true,"href":"https:\/\/uj.adatbank.ro\/lexikon\/wp-json\/wp\/v2\/product_brand?post=18990"},{"taxonomy":"product_cat","embeddable":true,"href":"https:\/\/uj.adatbank.ro\/lexikon\/wp-json\/wp\/v2\/product_cat?post=18990"},{"taxonomy":"product_tag","embeddable":true,"href":"https:\/\/uj.adatbank.ro\/lexikon\/wp-json\/wp\/v2\/product_tag?post=18990"}],"curies":[{"name":"wp","href":"https:\/\/api.w.org\/{rel}","templated":true}]}}