{"id":18994,"date":"2025-07-16T11:13:52","date_gmt":"2025-07-16T09:13:52","guid":{"rendered":"https:\/\/uj.adatbank.ro\/lexikon\/termek\/rarinca-cornel\/"},"modified":"2025-07-16T11:13:52","modified_gmt":"2025-07-16T09:13:52","slug":"rarinca-cornel","status":"publish","type":"product","link":"https:\/\/uj.adatbank.ro\/lexikon\/termek\/rarinca-cornel\/","title":{"rendered":"RARINCA, Cornel"},"content":{"rendered":"<p>? \u2020 ?: m\u00e9rn\u00f6k, tudom\u00e1nyos kutat\u00f3. \u2013 A Mv.-i Marhateny\u00e9szt\u0151 \u00e9s Kutat\u00f3 Int\u00e9zet igazgat\u00f3ja (1962\u201365), amelynek sz\u00e9khelye Marosszentgy\u00f6rgy\u00f6n m\u0171k\u00f6d\u00f6tt. <br \/><strong>Irod.:<\/strong> Lucr\u0103ri \u015ftiin\u0163ifice<\/br><\/p>\n","protected":false},"excerpt":{"rendered":"<p>? \u2020 ?: m\u00e9rn\u00f6k, tudom\u00e1nyos kutat\u00f3. \u2013 A Mv.-i Marhateny\u00e9szt\u0151 \u00e9s Kutat\u00f3 Int\u00e9zet igazgat\u00f3ja (1962\u201365), amelynek sz\u00e9khelye Marosszentgy\u00f6rgy\u00f6n m\u0171k\u00f6d\u00f6tt. Irod.: Lucr\u0103ri \u015ftiin\u0163ifice<\/p>\n","protected":false},"featured_media":0,"comment_status":"open","ping_status":"closed","template":"","meta":[],"product_brand":[],"product_cat":[137],"product_tag":[],"class_list":{"0":"post-18994","1":"product","2":"type-product","3":"status-publish","5":"product_cat-maros-megyei-eletrajzi-lexikon","7":"first","8":"instock","9":"shipping-taxable","10":"product-type-simple"},"_links":{"self":[{"href":"https:\/\/uj.adatbank.ro\/lexikon\/wp-json\/wp\/v2\/product\/18994","targetHints":{"allow":["GET"]}}],"collection":[{"href":"https:\/\/uj.adatbank.ro\/lexikon\/wp-json\/wp\/v2\/product"}],"about":[{"href":"https:\/\/uj.adatbank.ro\/lexikon\/wp-json\/wp\/v2\/types\/product"}],"replies":[{"embeddable":true,"href":"https:\/\/uj.adatbank.ro\/lexikon\/wp-json\/wp\/v2\/comments?post=18994"}],"wp:attachment":[{"href":"https:\/\/uj.adatbank.ro\/lexikon\/wp-json\/wp\/v2\/media?parent=18994"}],"wp:term":[{"taxonomy":"product_brand","embeddable":true,"href":"https:\/\/uj.adatbank.ro\/lexikon\/wp-json\/wp\/v2\/product_brand?post=18994"},{"taxonomy":"product_cat","embeddable":true,"href":"https:\/\/uj.adatbank.ro\/lexikon\/wp-json\/wp\/v2\/product_cat?post=18994"},{"taxonomy":"product_tag","embeddable":true,"href":"https:\/\/uj.adatbank.ro\/lexikon\/wp-json\/wp\/v2\/product_tag?post=18994"}],"curies":[{"name":"wp","href":"https:\/\/api.w.org\/{rel}","templated":true}]}}