{"id":18997,"date":"2025-07-16T11:14:01","date_gmt":"2025-07-16T09:14:01","guid":{"rendered":"https:\/\/uj.adatbank.ro\/lexikon\/termek\/ratiu-adalbert\/"},"modified":"2025-07-16T11:14:01","modified_gmt":"2025-07-16T09:14:01","slug":"ratiu-adalbert","status":"publish","type":"product","link":"https:\/\/uj.adatbank.ro\/lexikon\/termek\/ratiu-adalbert\/","title":{"rendered":"RA\u0162IU, Adalbert"},"content":{"rendered":"<p>? \u2020 ?: tisztvisel\u0151. \u2013 A Mv.-i Kereskedelmi \u00e9s Ipar Kamara Ideiglenes Bizotts\u00e1g\u00e1nak tagja. A Szovjet Parancsnoks\u00e1g v\u00e1rosunkb\u00f3l val\u00f3 t\u00e1voz\u00e1sakor r\u00e9szt vett a nekik (1944) \u00e1tadott ing\u00f3 \u00e9s ingatlan javak visszaszolg\u00e1ltat\u00e1s\u00e1ban (1945. okt. 28.). <br \/><strong>Irod.:<\/strong> Nan: Camera de comer\u0163<\/br><\/p>\n","protected":false},"excerpt":{"rendered":"<p>? \u2020 ?: tisztvisel\u0151. \u2013 A Mv.-i Kereskedelmi \u00e9s Ipar Kamara Ideiglenes Bizotts\u00e1g\u00e1nak tagja. A Szovjet Parancsnoks\u00e1g v\u00e1rosunkb\u00f3l val\u00f3 t\u00e1voz\u00e1sakor r\u00e9szt vett a nekik (1944) \u00e1tadott ing\u00f3 \u00e9s ingatlan javak visszaszolg\u00e1ltat\u00e1s\u00e1ban (1945. okt. 28.). Irod.: Nan: Camera de comer\u0163<\/p>\n","protected":false},"featured_media":0,"comment_status":"open","ping_status":"closed","template":"","meta":[],"product_brand":[],"product_cat":[137],"product_tag":[],"class_list":{"0":"post-18997","1":"product","2":"type-product","3":"status-publish","5":"product_cat-maros-megyei-eletrajzi-lexikon","7":"first","8":"instock","9":"shipping-taxable","10":"product-type-simple"},"_links":{"self":[{"href":"https:\/\/uj.adatbank.ro\/lexikon\/wp-json\/wp\/v2\/product\/18997","targetHints":{"allow":["GET"]}}],"collection":[{"href":"https:\/\/uj.adatbank.ro\/lexikon\/wp-json\/wp\/v2\/product"}],"about":[{"href":"https:\/\/uj.adatbank.ro\/lexikon\/wp-json\/wp\/v2\/types\/product"}],"replies":[{"embeddable":true,"href":"https:\/\/uj.adatbank.ro\/lexikon\/wp-json\/wp\/v2\/comments?post=18997"}],"wp:attachment":[{"href":"https:\/\/uj.adatbank.ro\/lexikon\/wp-json\/wp\/v2\/media?parent=18997"}],"wp:term":[{"taxonomy":"product_brand","embeddable":true,"href":"https:\/\/uj.adatbank.ro\/lexikon\/wp-json\/wp\/v2\/product_brand?post=18997"},{"taxonomy":"product_cat","embeddable":true,"href":"https:\/\/uj.adatbank.ro\/lexikon\/wp-json\/wp\/v2\/product_cat?post=18997"},{"taxonomy":"product_tag","embeddable":true,"href":"https:\/\/uj.adatbank.ro\/lexikon\/wp-json\/wp\/v2\/product_tag?post=18997"}],"curies":[{"name":"wp","href":"https:\/\/api.w.org\/{rel}","templated":true}]}}