{"id":18998,"date":"2025-07-16T11:14:03","date_gmt":"2025-07-16T09:14:03","guid":{"rendered":"https:\/\/uj.adatbank.ro\/lexikon\/termek\/ratiu-alexandru\/"},"modified":"2025-07-16T11:14:03","modified_gmt":"2025-07-16T09:14:03","slug":"ratiu-alexandru","status":"publish","type":"product","link":"https:\/\/uj.adatbank.ro\/lexikon\/termek\/ratiu-alexandru\/","title":{"rendered":"RA\u0162IU, Alexandru"},"content":{"rendered":"<p>1913, \u2020\u00a0?: szerkeszt\u0151. \u2013 A MAT-ban megjelen\u0151 rom\u00e1n nyelv\u0171 lap, a St. R. f\u0151szerkeszt\u0151je (1. sz., 1952. szept. 3.- 620. sz.,1958. j\u00fan. 30.). <br \/><strong>Irod.:<\/strong> Bottoni 2006; Popt\u0103ma\u015f\u2013M\u00f3zes<\/br><\/p>\n","protected":false},"excerpt":{"rendered":"<p>1913, \u2020\u00a0?: szerkeszt\u0151. \u2013 A MAT-ban megjelen\u0151 rom\u00e1n nyelv\u0171 lap, a St. R. f\u0151szerkeszt\u0151je (1. sz., 1952. szept. 3.- 620. sz.,1958. j\u00fan. 30.). Irod.: Bottoni 2006; Popt\u0103ma\u015f\u2013M\u00f3zes<\/p>\n","protected":false},"featured_media":0,"comment_status":"open","ping_status":"closed","template":"","meta":[],"product_brand":[],"product_cat":[137],"product_tag":[],"class_list":{"0":"post-18998","1":"product","2":"type-product","3":"status-publish","5":"product_cat-maros-megyei-eletrajzi-lexikon","7":"first","8":"instock","9":"shipping-taxable","10":"product-type-simple"},"_links":{"self":[{"href":"https:\/\/uj.adatbank.ro\/lexikon\/wp-json\/wp\/v2\/product\/18998","targetHints":{"allow":["GET"]}}],"collection":[{"href":"https:\/\/uj.adatbank.ro\/lexikon\/wp-json\/wp\/v2\/product"}],"about":[{"href":"https:\/\/uj.adatbank.ro\/lexikon\/wp-json\/wp\/v2\/types\/product"}],"replies":[{"embeddable":true,"href":"https:\/\/uj.adatbank.ro\/lexikon\/wp-json\/wp\/v2\/comments?post=18998"}],"wp:attachment":[{"href":"https:\/\/uj.adatbank.ro\/lexikon\/wp-json\/wp\/v2\/media?parent=18998"}],"wp:term":[{"taxonomy":"product_brand","embeddable":true,"href":"https:\/\/uj.adatbank.ro\/lexikon\/wp-json\/wp\/v2\/product_brand?post=18998"},{"taxonomy":"product_cat","embeddable":true,"href":"https:\/\/uj.adatbank.ro\/lexikon\/wp-json\/wp\/v2\/product_cat?post=18998"},{"taxonomy":"product_tag","embeddable":true,"href":"https:\/\/uj.adatbank.ro\/lexikon\/wp-json\/wp\/v2\/product_tag?post=18998"}],"curies":[{"name":"wp","href":"https:\/\/api.w.org\/{rel}","templated":true}]}}