{"id":1900,"date":"2025-06-28T11:57:10","date_gmt":"2025-06-28T09:57:10","guid":{"rendered":"https:\/\/uj.adatbank.ro\/lexikon\/termek\/bako-peter-imre-p\/"},"modified":"2025-06-28T11:57:10","modified_gmt":"2025-06-28T09:57:10","slug":"bako-peter-imre-p","status":"publish","type":"product","link":"https:\/\/uj.adatbank.ro\/lexikon\/termek\/bako-peter-imre-p\/","title":{"rendered":"BAK\u00d3 P\u00e9ter Imre, P."},"content":{"rendered":"<p>Jobb\u00e1gytelke, 1690., \u2020\u00a0Fogaras, 1775. jan. 1.: r. k. szerzetes. \u2013 Ferencrendi szerzetes, be\u00f6lt\u00f6z\u00f6tt (1715. okt. 10.), felszentelt\u00e9k (1720.). Concionator \u00e9s Magister novitiorum volt t\u00f6bbsz\u00f6r. <br \/><strong>Irod.:<\/strong> Gy\u00f6rgy: A ferencrendiek<\/br><\/p>\n","protected":false},"excerpt":{"rendered":"<p>Jobb\u00e1gytelke, 1690., \u2020\u00a0Fogaras, 1775. jan. 1.: r. k. szerzetes. \u2013 Ferencrendi szerzetes, be\u00f6lt\u00f6z\u00f6tt (1715. okt. 10.), felszentelt\u00e9k (1720.). Concionator \u00e9s Magister novitiorum volt t\u00f6bbsz\u00f6r. Irod.: Gy\u00f6rgy: A ferencrendiek<\/p>\n","protected":false},"featured_media":0,"comment_status":"open","ping_status":"closed","template":"","meta":[],"product_brand":[],"product_cat":[137],"product_tag":[],"class_list":{"0":"post-1900","1":"product","2":"type-product","3":"status-publish","5":"product_cat-maros-megyei-eletrajzi-lexikon","7":"first","8":"instock","9":"shipping-taxable","10":"product-type-simple"},"_links":{"self":[{"href":"https:\/\/uj.adatbank.ro\/lexikon\/wp-json\/wp\/v2\/product\/1900","targetHints":{"allow":["GET"]}}],"collection":[{"href":"https:\/\/uj.adatbank.ro\/lexikon\/wp-json\/wp\/v2\/product"}],"about":[{"href":"https:\/\/uj.adatbank.ro\/lexikon\/wp-json\/wp\/v2\/types\/product"}],"replies":[{"embeddable":true,"href":"https:\/\/uj.adatbank.ro\/lexikon\/wp-json\/wp\/v2\/comments?post=1900"}],"wp:attachment":[{"href":"https:\/\/uj.adatbank.ro\/lexikon\/wp-json\/wp\/v2\/media?parent=1900"}],"wp:term":[{"taxonomy":"product_brand","embeddable":true,"href":"https:\/\/uj.adatbank.ro\/lexikon\/wp-json\/wp\/v2\/product_brand?post=1900"},{"taxonomy":"product_cat","embeddable":true,"href":"https:\/\/uj.adatbank.ro\/lexikon\/wp-json\/wp\/v2\/product_cat?post=1900"},{"taxonomy":"product_tag","embeddable":true,"href":"https:\/\/uj.adatbank.ro\/lexikon\/wp-json\/wp\/v2\/product_tag?post=1900"}],"curies":[{"name":"wp","href":"https:\/\/api.w.org\/{rel}","templated":true}]}}