{"id":19001,"date":"2025-07-16T11:14:11","date_gmt":"2025-07-16T09:14:11","guid":{"rendered":"https:\/\/uj.adatbank.ro\/lexikon\/termek\/ratiu-d-mihaila\/"},"modified":"2025-07-16T11:14:11","modified_gmt":"2025-07-16T09:14:11","slug":"ratiu-d-mihaila","status":"publish","type":"product","link":"https:\/\/uj.adatbank.ro\/lexikon\/termek\/ratiu-d-mihaila\/","title":{"rendered":"RA\u0162IU, D. Mih\u0103il\u0103"},"content":{"rendered":"<p>? \u2020\u00a0?: g.kat. pap. \u2013 Farag\u00f3ban szolg\u00e1lata idej\u00e9n l\u00e9tezett az Arkangyaloknak aj\u00e1lott g.kat. fatemplom (1853\u2013) <br \/><strong>Irod.:<\/strong> F\u0103r\u0103g\u0103u<\/br><\/p>\n","protected":false},"excerpt":{"rendered":"<p>? \u2020\u00a0?: g.kat. pap. \u2013 Farag\u00f3ban szolg\u00e1lata idej\u00e9n l\u00e9tezett az Arkangyaloknak aj\u00e1lott g.kat. fatemplom (1853\u2013) Irod.: F\u0103r\u0103g\u0103u<\/p>\n","protected":false},"featured_media":0,"comment_status":"open","ping_status":"closed","template":"","meta":[],"product_brand":[],"product_cat":[137],"product_tag":[],"class_list":{"0":"post-19001","1":"product","2":"type-product","3":"status-publish","5":"product_cat-maros-megyei-eletrajzi-lexikon","7":"first","8":"instock","9":"shipping-taxable","10":"product-type-simple"},"_links":{"self":[{"href":"https:\/\/uj.adatbank.ro\/lexikon\/wp-json\/wp\/v2\/product\/19001","targetHints":{"allow":["GET"]}}],"collection":[{"href":"https:\/\/uj.adatbank.ro\/lexikon\/wp-json\/wp\/v2\/product"}],"about":[{"href":"https:\/\/uj.adatbank.ro\/lexikon\/wp-json\/wp\/v2\/types\/product"}],"replies":[{"embeddable":true,"href":"https:\/\/uj.adatbank.ro\/lexikon\/wp-json\/wp\/v2\/comments?post=19001"}],"wp:attachment":[{"href":"https:\/\/uj.adatbank.ro\/lexikon\/wp-json\/wp\/v2\/media?parent=19001"}],"wp:term":[{"taxonomy":"product_brand","embeddable":true,"href":"https:\/\/uj.adatbank.ro\/lexikon\/wp-json\/wp\/v2\/product_brand?post=19001"},{"taxonomy":"product_cat","embeddable":true,"href":"https:\/\/uj.adatbank.ro\/lexikon\/wp-json\/wp\/v2\/product_cat?post=19001"},{"taxonomy":"product_tag","embeddable":true,"href":"https:\/\/uj.adatbank.ro\/lexikon\/wp-json\/wp\/v2\/product_tag?post=19001"}],"curies":[{"name":"wp","href":"https:\/\/api.w.org\/{rel}","templated":true}]}}