{"id":19002,"date":"2025-07-16T11:14:13","date_gmt":"2025-07-16T09:14:13","guid":{"rendered":"https:\/\/uj.adatbank.ro\/lexikon\/termek\/ratiu-gregoriu\/"},"modified":"2025-07-16T11:14:13","modified_gmt":"2025-07-16T09:14:13","slug":"ratiu-gregoriu","status":"publish","type":"product","link":"https:\/\/uj.adatbank.ro\/lexikon\/termek\/ratiu-gregoriu\/","title":{"rendered":"RA\u0162IU, Gregoriu"},"content":{"rendered":"<p>? \u2020 1827: g\u00f6r\u00f6g kat. pap. \u2013 K\u00f6z\u00e9piskol\u00e1t \u00e9s teol\u00f3gi\u00e1t Bal\u00e1zsfalv\u00e1n v\u00e9gzett, majd itt lett tan\u00e1r (1799\u20131804), pl\u00e9b\u00e1nos Mez\u0151szilv\u00e1son (1804\u2013), majd Mez\u0151szentm\u00e1rton esperese. <br \/><strong>Irod.:<\/strong> Com\u015fa; Com\u015fa\u2013Seiceanu; Todea 2013<\/br><\/p>\n","protected":false},"excerpt":{"rendered":"<p>? \u2020 1827: g\u00f6r\u00f6g kat. pap. \u2013 K\u00f6z\u00e9piskol\u00e1t \u00e9s teol\u00f3gi\u00e1t Bal\u00e1zsfalv\u00e1n v\u00e9gzett, majd itt lett tan\u00e1r (1799\u20131804), pl\u00e9b\u00e1nos Mez\u0151szilv\u00e1son (1804\u2013), majd Mez\u0151szentm\u00e1rton esperese. Irod.: Com\u015fa; Com\u015fa\u2013Seiceanu; Todea 2013<\/p>\n","protected":false},"featured_media":0,"comment_status":"open","ping_status":"closed","template":"","meta":[],"product_brand":[],"product_cat":[137],"product_tag":[],"class_list":{"0":"post-19002","1":"product","2":"type-product","3":"status-publish","5":"product_cat-maros-megyei-eletrajzi-lexikon","7":"first","8":"instock","9":"shipping-taxable","10":"product-type-simple"},"_links":{"self":[{"href":"https:\/\/uj.adatbank.ro\/lexikon\/wp-json\/wp\/v2\/product\/19002","targetHints":{"allow":["GET"]}}],"collection":[{"href":"https:\/\/uj.adatbank.ro\/lexikon\/wp-json\/wp\/v2\/product"}],"about":[{"href":"https:\/\/uj.adatbank.ro\/lexikon\/wp-json\/wp\/v2\/types\/product"}],"replies":[{"embeddable":true,"href":"https:\/\/uj.adatbank.ro\/lexikon\/wp-json\/wp\/v2\/comments?post=19002"}],"wp:attachment":[{"href":"https:\/\/uj.adatbank.ro\/lexikon\/wp-json\/wp\/v2\/media?parent=19002"}],"wp:term":[{"taxonomy":"product_brand","embeddable":true,"href":"https:\/\/uj.adatbank.ro\/lexikon\/wp-json\/wp\/v2\/product_brand?post=19002"},{"taxonomy":"product_cat","embeddable":true,"href":"https:\/\/uj.adatbank.ro\/lexikon\/wp-json\/wp\/v2\/product_cat?post=19002"},{"taxonomy":"product_tag","embeddable":true,"href":"https:\/\/uj.adatbank.ro\/lexikon\/wp-json\/wp\/v2\/product_tag?post=19002"}],"curies":[{"name":"wp","href":"https:\/\/api.w.org\/{rel}","templated":true}]}}