{"id":19004,"date":"2025-07-16T11:14:17","date_gmt":"2025-07-16T09:14:17","guid":{"rendered":"https:\/\/uj.adatbank.ro\/lexikon\/termek\/ratiu-ioan-2\/"},"modified":"2025-07-16T11:14:17","modified_gmt":"2025-07-16T09:14:17","slug":"ratiu-ioan-2","status":"publish","type":"product","link":"https:\/\/uj.adatbank.ro\/lexikon\/termek\/ratiu-ioan-2\/","title":{"rendered":"RA\u0162IU, Ioan"},"content":{"rendered":"<p>? \u2020\u00a0?: g. kat. lelk\u00e9sz. \u2013 Kisf\u00fclp\u00f6s\u00f6n szolg\u00e1lt (1886\u20131926). Teleki Arthur, tancsi gr. hathat\u00f3s seg\u00edts\u00e9g\u00e9vel, k\u00f6zadakoz\u00e1sb\u00f3l \u00e9s az Amerik\u00e1ba t\u00e1vozott falusfelek adom\u00e1nyaib\u00f3l, k\u00f6zmunk\u00e1val \u00fajj\u00e1\u00e9p\u00edtette az 1830-ban \u00e9p\u00edtett g. kat. fatemplomot, amelyet egy torn\u00e1d\u00f3szer\u0171 sz\u00e9lvihar \u00f6sszed\u00f6nt\u00f6tt (1912. m\u00e1j. 13.). Felszentelt\u00e9k (1925). <br \/><strong>Irod.:<\/strong> Filipi\u015ful Mic<\/br><\/p>\n","protected":false},"excerpt":{"rendered":"<p>? \u2020\u00a0?: g. kat. lelk\u00e9sz. \u2013 Kisf\u00fclp\u00f6s\u00f6n szolg\u00e1lt (1886\u20131926). Teleki Arthur, tancsi gr. hathat\u00f3s seg\u00edts\u00e9g\u00e9vel, k\u00f6zadakoz\u00e1sb\u00f3l \u00e9s az Amerik\u00e1ba t\u00e1vozott falusfelek adom\u00e1nyaib\u00f3l, k\u00f6zmunk\u00e1val \u00fajj\u00e1\u00e9p\u00edtette az 1830-ban \u00e9p\u00edtett g. kat. fatemplomot, amelyet egy torn\u00e1d\u00f3szer\u0171 sz\u00e9lvihar \u00f6sszed\u00f6nt\u00f6tt (1912. m\u00e1j. 13.). Felszentelt\u00e9k (1925). Irod.: Filipi\u015ful Mic<\/p>\n","protected":false},"featured_media":0,"comment_status":"open","ping_status":"closed","template":"","meta":[],"product_brand":[],"product_cat":[137],"product_tag":[],"class_list":{"0":"post-19004","1":"product","2":"type-product","3":"status-publish","5":"product_cat-maros-megyei-eletrajzi-lexikon","7":"first","8":"instock","9":"shipping-taxable","10":"product-type-simple"},"_links":{"self":[{"href":"https:\/\/uj.adatbank.ro\/lexikon\/wp-json\/wp\/v2\/product\/19004","targetHints":{"allow":["GET"]}}],"collection":[{"href":"https:\/\/uj.adatbank.ro\/lexikon\/wp-json\/wp\/v2\/product"}],"about":[{"href":"https:\/\/uj.adatbank.ro\/lexikon\/wp-json\/wp\/v2\/types\/product"}],"replies":[{"embeddable":true,"href":"https:\/\/uj.adatbank.ro\/lexikon\/wp-json\/wp\/v2\/comments?post=19004"}],"wp:attachment":[{"href":"https:\/\/uj.adatbank.ro\/lexikon\/wp-json\/wp\/v2\/media?parent=19004"}],"wp:term":[{"taxonomy":"product_brand","embeddable":true,"href":"https:\/\/uj.adatbank.ro\/lexikon\/wp-json\/wp\/v2\/product_brand?post=19004"},{"taxonomy":"product_cat","embeddable":true,"href":"https:\/\/uj.adatbank.ro\/lexikon\/wp-json\/wp\/v2\/product_cat?post=19004"},{"taxonomy":"product_tag","embeddable":true,"href":"https:\/\/uj.adatbank.ro\/lexikon\/wp-json\/wp\/v2\/product_tag?post=19004"}],"curies":[{"name":"wp","href":"https:\/\/api.w.org\/{rel}","templated":true}]}}