{"id":19005,"date":"2025-07-16T11:14:21","date_gmt":"2025-07-16T09:14:21","guid":{"rendered":"https:\/\/uj.adatbank.ro\/lexikon\/termek\/ratiu-octavian\/"},"modified":"2025-07-16T11:14:21","modified_gmt":"2025-07-16T09:14:21","slug":"ratiu-octavian","status":"publish","type":"product","link":"https:\/\/uj.adatbank.ro\/lexikon\/termek\/ratiu-octavian\/","title":{"rendered":"RA\u0162IU, Octavian"},"content":{"rendered":"<p>? \u2020\u00a0?: tan\u00edt\u00f3. \u2013 Uzdiszentp\u00e9terben tan\u00edtott (1933\u201350). A II. vh. el\u0151tt a tusoni Nemzeti G\u00e1rda parancsnoka, aki a 82. gyalogezredben tisztk\u00e9nt szolg\u00e1lt, f\u0151leg az ifjak kik\u00e9pz\u00e9s\u00e9vel foglalkozott. <br \/><strong>Irod.:<\/strong> S\u00e2npetru de C\u00e2mpie<\/br><\/p>\n","protected":false},"excerpt":{"rendered":"<p>? \u2020\u00a0?: tan\u00edt\u00f3. \u2013 Uzdiszentp\u00e9terben tan\u00edtott (1933\u201350). A II. vh. el\u0151tt a tusoni Nemzeti G\u00e1rda parancsnoka, aki a 82. gyalogezredben tisztk\u00e9nt szolg\u00e1lt, f\u0151leg az ifjak kik\u00e9pz\u00e9s\u00e9vel foglalkozott. Irod.: S\u00e2npetru de C\u00e2mpie<\/p>\n","protected":false},"featured_media":0,"comment_status":"open","ping_status":"closed","template":"","meta":[],"product_brand":[],"product_cat":[137],"product_tag":[],"class_list":{"0":"post-19005","1":"product","2":"type-product","3":"status-publish","5":"product_cat-maros-megyei-eletrajzi-lexikon","7":"first","8":"instock","9":"shipping-taxable","10":"product-type-simple"},"_links":{"self":[{"href":"https:\/\/uj.adatbank.ro\/lexikon\/wp-json\/wp\/v2\/product\/19005","targetHints":{"allow":["GET"]}}],"collection":[{"href":"https:\/\/uj.adatbank.ro\/lexikon\/wp-json\/wp\/v2\/product"}],"about":[{"href":"https:\/\/uj.adatbank.ro\/lexikon\/wp-json\/wp\/v2\/types\/product"}],"replies":[{"embeddable":true,"href":"https:\/\/uj.adatbank.ro\/lexikon\/wp-json\/wp\/v2\/comments?post=19005"}],"wp:attachment":[{"href":"https:\/\/uj.adatbank.ro\/lexikon\/wp-json\/wp\/v2\/media?parent=19005"}],"wp:term":[{"taxonomy":"product_brand","embeddable":true,"href":"https:\/\/uj.adatbank.ro\/lexikon\/wp-json\/wp\/v2\/product_brand?post=19005"},{"taxonomy":"product_cat","embeddable":true,"href":"https:\/\/uj.adatbank.ro\/lexikon\/wp-json\/wp\/v2\/product_cat?post=19005"},{"taxonomy":"product_tag","embeddable":true,"href":"https:\/\/uj.adatbank.ro\/lexikon\/wp-json\/wp\/v2\/product_tag?post=19005"}],"curies":[{"name":"wp","href":"https:\/\/api.w.org\/{rel}","templated":true}]}}