{"id":19006,"date":"2025-07-16T11:14:24","date_gmt":"2025-07-16T09:14:24","guid":{"rendered":"https:\/\/uj.adatbank.ro\/lexikon\/termek\/ratiu-petru\/"},"modified":"2025-07-16T11:14:24","modified_gmt":"2025-07-16T09:14:24","slug":"ratiu-petru","status":"publish","type":"product","link":"https:\/\/uj.adatbank.ro\/lexikon\/termek\/ratiu-petru\/","title":{"rendered":"RA\u0162IU, Petru"},"content":{"rendered":"<p>Kisf\u00fclp\u00f6s, 1798., \u2020 Mv., 1849. m\u00e1j. 18.: ort. lelk\u00e9sz. \u2013 Sz\u00fcl\u0151faluj\u00e1ban szolg\u00e1lt (1842- 49), \u00e9s n\u00e9ptribunk\u00e9nt tev\u00e9kenyen bekapcsol\u00f3dott az 1848-as esem\u00e9nyekbe, C.Romanu -Vivu bizalmi embere volt. Felvette a harcot a falu fosztogat\u00f3ival. K\u00f6t\u00e9l \u00e1ltali hal\u00e1llal halt meg. <br \/><strong>Irod.:<\/strong> Regh. Cult. (10., 2010); Transilvania 1848\u201349<\/br><\/p>\n","protected":false},"excerpt":{"rendered":"<p>Kisf\u00fclp\u00f6s, 1798., \u2020 Mv., 1849. m\u00e1j. 18.: ort. lelk\u00e9sz. \u2013 Sz\u00fcl\u0151faluj\u00e1ban szolg\u00e1lt (1842- 49), \u00e9s n\u00e9ptribunk\u00e9nt tev\u00e9kenyen bekapcsol\u00f3dott az 1848-as esem\u00e9nyekbe, C.Romanu -Vivu bizalmi embere volt. Felvette a harcot a falu fosztogat\u00f3ival. K\u00f6t\u00e9l \u00e1ltali hal\u00e1llal halt meg. Irod.: Regh. Cult. (10., 2010); Transilvania 1848\u201349<\/p>\n","protected":false},"featured_media":0,"comment_status":"open","ping_status":"closed","template":"","meta":[],"product_brand":[],"product_cat":[137],"product_tag":[],"class_list":{"0":"post-19006","1":"product","2":"type-product","3":"status-publish","5":"product_cat-maros-megyei-eletrajzi-lexikon","7":"first","8":"instock","9":"shipping-taxable","10":"product-type-simple"},"_links":{"self":[{"href":"https:\/\/uj.adatbank.ro\/lexikon\/wp-json\/wp\/v2\/product\/19006","targetHints":{"allow":["GET"]}}],"collection":[{"href":"https:\/\/uj.adatbank.ro\/lexikon\/wp-json\/wp\/v2\/product"}],"about":[{"href":"https:\/\/uj.adatbank.ro\/lexikon\/wp-json\/wp\/v2\/types\/product"}],"replies":[{"embeddable":true,"href":"https:\/\/uj.adatbank.ro\/lexikon\/wp-json\/wp\/v2\/comments?post=19006"}],"wp:attachment":[{"href":"https:\/\/uj.adatbank.ro\/lexikon\/wp-json\/wp\/v2\/media?parent=19006"}],"wp:term":[{"taxonomy":"product_brand","embeddable":true,"href":"https:\/\/uj.adatbank.ro\/lexikon\/wp-json\/wp\/v2\/product_brand?post=19006"},{"taxonomy":"product_cat","embeddable":true,"href":"https:\/\/uj.adatbank.ro\/lexikon\/wp-json\/wp\/v2\/product_cat?post=19006"},{"taxonomy":"product_tag","embeddable":true,"href":"https:\/\/uj.adatbank.ro\/lexikon\/wp-json\/wp\/v2\/product_tag?post=19006"}],"curies":[{"name":"wp","href":"https:\/\/api.w.org\/{rel}","templated":true}]}}