{"id":19007,"date":"2025-07-16T11:14:27","date_gmt":"2025-07-16T09:14:27","guid":{"rendered":"https:\/\/uj.adatbank.ro\/lexikon\/termek\/ratiu-simion\/"},"modified":"2025-07-16T11:14:27","modified_gmt":"2025-07-16T09:14:27","slug":"ratiu-simion","status":"publish","type":"product","link":"https:\/\/uj.adatbank.ro\/lexikon\/termek\/ratiu-simion\/","title":{"rendered":"RA\u0162IU, Simion"},"content":{"rendered":"<p>?, \u2020 ? : k\u00e9pvisel\u0151. \u2013 Maros k\u00f6rzet megv\u00e1lasztott k\u00e9pvisel\u0151je a Rom\u00e1n Parlamentben (1939). <br \/><strong>Irod.:<\/strong> Pan\u0103<\/br><\/p>\n","protected":false},"excerpt":{"rendered":"<p>?, \u2020 ? : k\u00e9pvisel\u0151. \u2013 Maros k\u00f6rzet megv\u00e1lasztott k\u00e9pvisel\u0151je a Rom\u00e1n Parlamentben (1939). Irod.: Pan\u0103<\/p>\n","protected":false},"featured_media":0,"comment_status":"open","ping_status":"closed","template":"","meta":[],"product_brand":[],"product_cat":[137],"product_tag":[],"class_list":{"0":"post-19007","1":"product","2":"type-product","3":"status-publish","5":"product_cat-maros-megyei-eletrajzi-lexikon","7":"first","8":"instock","9":"shipping-taxable","10":"product-type-simple"},"_links":{"self":[{"href":"https:\/\/uj.adatbank.ro\/lexikon\/wp-json\/wp\/v2\/product\/19007","targetHints":{"allow":["GET"]}}],"collection":[{"href":"https:\/\/uj.adatbank.ro\/lexikon\/wp-json\/wp\/v2\/product"}],"about":[{"href":"https:\/\/uj.adatbank.ro\/lexikon\/wp-json\/wp\/v2\/types\/product"}],"replies":[{"embeddable":true,"href":"https:\/\/uj.adatbank.ro\/lexikon\/wp-json\/wp\/v2\/comments?post=19007"}],"wp:attachment":[{"href":"https:\/\/uj.adatbank.ro\/lexikon\/wp-json\/wp\/v2\/media?parent=19007"}],"wp:term":[{"taxonomy":"product_brand","embeddable":true,"href":"https:\/\/uj.adatbank.ro\/lexikon\/wp-json\/wp\/v2\/product_brand?post=19007"},{"taxonomy":"product_cat","embeddable":true,"href":"https:\/\/uj.adatbank.ro\/lexikon\/wp-json\/wp\/v2\/product_cat?post=19007"},{"taxonomy":"product_tag","embeddable":true,"href":"https:\/\/uj.adatbank.ro\/lexikon\/wp-json\/wp\/v2\/product_tag?post=19007"}],"curies":[{"name":"wp","href":"https:\/\/api.w.org\/{rel}","templated":true}]}}