{"id":1901,"date":"2025-06-28T11:57:12","date_gmt":"2025-06-28T09:57:12","guid":{"rendered":"https:\/\/uj.adatbank.ro\/lexikon\/termek\/bako-peter-csikfalvi\/"},"modified":"2025-06-28T11:57:12","modified_gmt":"2025-06-28T09:57:12","slug":"bako-peter-csikfalvi","status":"publish","type":"product","link":"https:\/\/uj.adatbank.ro\/lexikon\/termek\/bako-peter-csikfalvi\/","title":{"rendered":"BAK\u00d3 P\u00e9ter, cs\u00edkfalvi"},"content":{"rendered":"<p>? \u2020\u00a0? : k\u00f6vet. \u2013 Apja: B. Imre. \u2013 Marossz\u00e9k di\u00e9tai k\u00f6vete (1636, 1637. febr. 12). Apj\u00e1val egy\u00fctt Marossz\u00e9k t\u00f6r\u00f6k k\u00f6vete (1637). <br \/><strong>Irod.:<\/strong> Cs\u00edkfalva; P\u00e1lmay<\/br><\/p>\n","protected":false},"excerpt":{"rendered":"<p>? \u2020\u00a0? : k\u00f6vet. \u2013 Apja: B. Imre. \u2013 Marossz\u00e9k di\u00e9tai k\u00f6vete (1636, 1637. febr. 12). Apj\u00e1val egy\u00fctt Marossz\u00e9k t\u00f6r\u00f6k k\u00f6vete (1637). Irod.: Cs\u00edkfalva; P\u00e1lmay<\/p>\n","protected":false},"featured_media":0,"comment_status":"open","ping_status":"closed","template":"","meta":[],"product_brand":[],"product_cat":[137],"product_tag":[],"class_list":{"0":"post-1901","1":"product","2":"type-product","3":"status-publish","5":"product_cat-maros-megyei-eletrajzi-lexikon","7":"first","8":"instock","9":"shipping-taxable","10":"product-type-simple"},"_links":{"self":[{"href":"https:\/\/uj.adatbank.ro\/lexikon\/wp-json\/wp\/v2\/product\/1901","targetHints":{"allow":["GET"]}}],"collection":[{"href":"https:\/\/uj.adatbank.ro\/lexikon\/wp-json\/wp\/v2\/product"}],"about":[{"href":"https:\/\/uj.adatbank.ro\/lexikon\/wp-json\/wp\/v2\/types\/product"}],"replies":[{"embeddable":true,"href":"https:\/\/uj.adatbank.ro\/lexikon\/wp-json\/wp\/v2\/comments?post=1901"}],"wp:attachment":[{"href":"https:\/\/uj.adatbank.ro\/lexikon\/wp-json\/wp\/v2\/media?parent=1901"}],"wp:term":[{"taxonomy":"product_brand","embeddable":true,"href":"https:\/\/uj.adatbank.ro\/lexikon\/wp-json\/wp\/v2\/product_brand?post=1901"},{"taxonomy":"product_cat","embeddable":true,"href":"https:\/\/uj.adatbank.ro\/lexikon\/wp-json\/wp\/v2\/product_cat?post=1901"},{"taxonomy":"product_tag","embeddable":true,"href":"https:\/\/uj.adatbank.ro\/lexikon\/wp-json\/wp\/v2\/product_tag?post=1901"}],"curies":[{"name":"wp","href":"https:\/\/api.w.org\/{rel}","templated":true}]}}