{"id":19010,"date":"2025-07-16T11:14:34","date_gmt":"2025-07-16T09:14:34","guid":{"rendered":"https:\/\/uj.adatbank.ro\/lexikon\/termek\/ratoni-janos\/"},"modified":"2025-07-16T11:14:34","modified_gmt":"2025-07-16T09:14:34","slug":"ratoni-janos","status":"publish","type":"product","link":"https:\/\/uj.adatbank.ro\/lexikon\/termek\/ratoni-janos\/","title":{"rendered":"R\u00c1TONI J\u00e1nos"},"content":{"rendered":"<p>? \u2020\u00a0?\u00a0: n\u00e9ptan\u00edt\u00f3. \u2013 A b\u00faz\u00e1sbeseny\u0151i M\u0171vel\u0151d\u00e9si H\u00e1z felvette a nev\u00e9t. <br \/><strong>Irod.:<\/strong> Maros megye<\/br><\/p>\n","protected":false},"excerpt":{"rendered":"<p>? \u2020\u00a0?\u00a0: n\u00e9ptan\u00edt\u00f3. \u2013 A b\u00faz\u00e1sbeseny\u0151i M\u0171vel\u0151d\u00e9si H\u00e1z felvette a nev\u00e9t. Irod.: Maros megye<\/p>\n","protected":false},"featured_media":0,"comment_status":"open","ping_status":"closed","template":"","meta":[],"product_brand":[],"product_cat":[137],"product_tag":[],"class_list":{"0":"post-19010","1":"product","2":"type-product","3":"status-publish","5":"product_cat-maros-megyei-eletrajzi-lexikon","7":"first","8":"instock","9":"shipping-taxable","10":"product-type-simple"},"_links":{"self":[{"href":"https:\/\/uj.adatbank.ro\/lexikon\/wp-json\/wp\/v2\/product\/19010","targetHints":{"allow":["GET"]}}],"collection":[{"href":"https:\/\/uj.adatbank.ro\/lexikon\/wp-json\/wp\/v2\/product"}],"about":[{"href":"https:\/\/uj.adatbank.ro\/lexikon\/wp-json\/wp\/v2\/types\/product"}],"replies":[{"embeddable":true,"href":"https:\/\/uj.adatbank.ro\/lexikon\/wp-json\/wp\/v2\/comments?post=19010"}],"wp:attachment":[{"href":"https:\/\/uj.adatbank.ro\/lexikon\/wp-json\/wp\/v2\/media?parent=19010"}],"wp:term":[{"taxonomy":"product_brand","embeddable":true,"href":"https:\/\/uj.adatbank.ro\/lexikon\/wp-json\/wp\/v2\/product_brand?post=19010"},{"taxonomy":"product_cat","embeddable":true,"href":"https:\/\/uj.adatbank.ro\/lexikon\/wp-json\/wp\/v2\/product_cat?post=19010"},{"taxonomy":"product_tag","embeddable":true,"href":"https:\/\/uj.adatbank.ro\/lexikon\/wp-json\/wp\/v2\/product_tag?post=19010"}],"curies":[{"name":"wp","href":"https:\/\/api.w.org\/{rel}","templated":true}]}}