{"id":19011,"date":"2025-07-16T11:14:37","date_gmt":"2025-07-16T09:14:37","guid":{"rendered":"https:\/\/uj.adatbank.ro\/lexikon\/termek\/ratschnak-carolus\/"},"modified":"2025-07-16T11:14:37","modified_gmt":"2025-07-16T09:14:37","slug":"ratschnak-carolus","status":"publish","type":"product","link":"https:\/\/uj.adatbank.ro\/lexikon\/termek\/ratschnak-carolus\/","title":{"rendered":"RATSCHNAK, Carolus"},"content":{"rendered":"<p>Mv., 1807.,\u2020\u00a0?\u00a0: gy\u00f3gyszer\u00e9sz. \u2013 Pesten volt gy\u00f3gyszer\u00e9szhallgat\u00f3, vizsg\u00e1zott (1828. aug. 30.), felesk\u00fcd\u00f6tt \u00e9s diplom\u00e1t kapott. <br \/><strong>Irod.:<\/strong> Szab\u00f3 Mikl\u00f3s 2005<\/br><\/p>\n","protected":false},"excerpt":{"rendered":"<p>Mv., 1807.,\u2020\u00a0?\u00a0: gy\u00f3gyszer\u00e9sz. \u2013 Pesten volt gy\u00f3gyszer\u00e9szhallgat\u00f3, vizsg\u00e1zott (1828. aug. 30.), felesk\u00fcd\u00f6tt \u00e9s diplom\u00e1t kapott. Irod.: Szab\u00f3 Mikl\u00f3s 2005<\/p>\n","protected":false},"featured_media":0,"comment_status":"open","ping_status":"closed","template":"","meta":[],"product_brand":[],"product_cat":[137],"product_tag":[],"class_list":{"0":"post-19011","1":"product","2":"type-product","3":"status-publish","5":"product_cat-maros-megyei-eletrajzi-lexikon","7":"first","8":"instock","9":"shipping-taxable","10":"product-type-simple"},"_links":{"self":[{"href":"https:\/\/uj.adatbank.ro\/lexikon\/wp-json\/wp\/v2\/product\/19011","targetHints":{"allow":["GET"]}}],"collection":[{"href":"https:\/\/uj.adatbank.ro\/lexikon\/wp-json\/wp\/v2\/product"}],"about":[{"href":"https:\/\/uj.adatbank.ro\/lexikon\/wp-json\/wp\/v2\/types\/product"}],"replies":[{"embeddable":true,"href":"https:\/\/uj.adatbank.ro\/lexikon\/wp-json\/wp\/v2\/comments?post=19011"}],"wp:attachment":[{"href":"https:\/\/uj.adatbank.ro\/lexikon\/wp-json\/wp\/v2\/media?parent=19011"}],"wp:term":[{"taxonomy":"product_brand","embeddable":true,"href":"https:\/\/uj.adatbank.ro\/lexikon\/wp-json\/wp\/v2\/product_brand?post=19011"},{"taxonomy":"product_cat","embeddable":true,"href":"https:\/\/uj.adatbank.ro\/lexikon\/wp-json\/wp\/v2\/product_cat?post=19011"},{"taxonomy":"product_tag","embeddable":true,"href":"https:\/\/uj.adatbank.ro\/lexikon\/wp-json\/wp\/v2\/product_tag?post=19011"}],"curies":[{"name":"wp","href":"https:\/\/api.w.org\/{rel}","templated":true}]}}