{"id":19016,"date":"2025-07-16T11:14:49","date_gmt":"2025-07-16T09:14:49","guid":{"rendered":"https:\/\/uj.adatbank.ro\/lexikon\/termek\/ratz-jozsef\/"},"modified":"2025-07-16T11:14:49","modified_gmt":"2025-07-16T09:14:49","slug":"ratz-jozsef","status":"publish","type":"product","link":"https:\/\/uj.adatbank.ro\/lexikon\/termek\/ratz-jozsef\/","title":{"rendered":"R\u00c1TZ J\u00f3zsef"},"content":{"rendered":"<p>? \u2020\u00a0?: mv.-i ker\u00fcleti f\u0151n\u00f6k (1855). \u2013 Mv.-en Erzs\u00e9bet kir\u00e1lyn\u0151 tisztelet\u00e9re kisded\u00f3v\u00f3 int\u00e9zetet terveztetett. Herceg Schwartzenberg ker\u00fcleti f\u0151n\u00f6k az \u0151 kis\u00e9ret\u00e9ben a kisded ovod\u00e1t megl\u00e1togatta (1856. j\u00fan. 19). \u2013 Irod. : Id\u0151t\u00e1r 1<\/br><\/p>\n","protected":false},"excerpt":{"rendered":"<p>? \u2020\u00a0?: mv.-i ker\u00fcleti f\u0151n\u00f6k (1855). \u2013 Mv.-en Erzs\u00e9bet kir\u00e1lyn\u0151 tisztelet\u00e9re kisded\u00f3v\u00f3 int\u00e9zetet terveztetett. Herceg Schwartzenberg ker\u00fcleti f\u0151n\u00f6k az \u0151 kis\u00e9ret\u00e9ben a kisded ovod\u00e1t megl\u00e1togatta (1856. j\u00fan. 19). \u2013 Irod. : Id\u0151t\u00e1r 1<\/p>\n","protected":false},"featured_media":0,"comment_status":"open","ping_status":"closed","template":"","meta":[],"product_brand":[],"product_cat":[137],"product_tag":[],"class_list":{"0":"post-19016","1":"product","2":"type-product","3":"status-publish","5":"product_cat-maros-megyei-eletrajzi-lexikon","7":"first","8":"instock","9":"shipping-taxable","10":"product-type-simple"},"_links":{"self":[{"href":"https:\/\/uj.adatbank.ro\/lexikon\/wp-json\/wp\/v2\/product\/19016","targetHints":{"allow":["GET"]}}],"collection":[{"href":"https:\/\/uj.adatbank.ro\/lexikon\/wp-json\/wp\/v2\/product"}],"about":[{"href":"https:\/\/uj.adatbank.ro\/lexikon\/wp-json\/wp\/v2\/types\/product"}],"replies":[{"embeddable":true,"href":"https:\/\/uj.adatbank.ro\/lexikon\/wp-json\/wp\/v2\/comments?post=19016"}],"wp:attachment":[{"href":"https:\/\/uj.adatbank.ro\/lexikon\/wp-json\/wp\/v2\/media?parent=19016"}],"wp:term":[{"taxonomy":"product_brand","embeddable":true,"href":"https:\/\/uj.adatbank.ro\/lexikon\/wp-json\/wp\/v2\/product_brand?post=19016"},{"taxonomy":"product_cat","embeddable":true,"href":"https:\/\/uj.adatbank.ro\/lexikon\/wp-json\/wp\/v2\/product_cat?post=19016"},{"taxonomy":"product_tag","embeddable":true,"href":"https:\/\/uj.adatbank.ro\/lexikon\/wp-json\/wp\/v2\/product_tag?post=19016"}],"curies":[{"name":"wp","href":"https:\/\/api.w.org\/{rel}","templated":true}]}}