{"id":19017,"date":"2025-07-16T11:14:51","date_gmt":"2025-07-16T09:14:51","guid":{"rendered":"https:\/\/uj.adatbank.ro\/lexikon\/termek\/ratz-krisztina-galgoi\/"},"modified":"2025-07-16T11:14:51","modified_gmt":"2025-07-16T09:14:51","slug":"ratz-krisztina-galgoi","status":"publish","type":"product","link":"https:\/\/uj.adatbank.ro\/lexikon\/termek\/ratz-krisztina-galgoi\/","title":{"rendered":"R\u00c1TZ Krisztina, galg\u00f3i"},"content":{"rendered":"<p>? \u2020\u00a0R\u00e1polt, 1715. nov., 24.,: birtokos. \u2013 F\u00e9rje: J\u00f3sika Imre, Torda v\u00e1rmegye f\u0151isp\u00e1nja. <br \/><strong>Irod.:<\/strong> Gudenus; N\u00e1dudvari P\u00e9ter: Hermon kis hegye&#8230;Halotti besz\u00e9d R\u00e1polton, 1715. nov. 24. (Kv., 1717)<\/br><\/p>\n","protected":false},"excerpt":{"rendered":"<p>? \u2020\u00a0R\u00e1polt, 1715. nov., 24.,: birtokos. \u2013 F\u00e9rje: J\u00f3sika Imre, Torda v\u00e1rmegye f\u0151isp\u00e1nja. Irod.: Gudenus; N\u00e1dudvari P\u00e9ter: Hermon kis hegye&#8230;Halotti besz\u00e9d R\u00e1polton, 1715. nov. 24. (Kv., 1717)<\/p>\n","protected":false},"featured_media":0,"comment_status":"open","ping_status":"closed","template":"","meta":[],"product_brand":[],"product_cat":[137],"product_tag":[],"class_list":{"0":"post-19017","1":"product","2":"type-product","3":"status-publish","5":"product_cat-maros-megyei-eletrajzi-lexikon","7":"first","8":"instock","9":"shipping-taxable","10":"product-type-simple"},"_links":{"self":[{"href":"https:\/\/uj.adatbank.ro\/lexikon\/wp-json\/wp\/v2\/product\/19017","targetHints":{"allow":["GET"]}}],"collection":[{"href":"https:\/\/uj.adatbank.ro\/lexikon\/wp-json\/wp\/v2\/product"}],"about":[{"href":"https:\/\/uj.adatbank.ro\/lexikon\/wp-json\/wp\/v2\/types\/product"}],"replies":[{"embeddable":true,"href":"https:\/\/uj.adatbank.ro\/lexikon\/wp-json\/wp\/v2\/comments?post=19017"}],"wp:attachment":[{"href":"https:\/\/uj.adatbank.ro\/lexikon\/wp-json\/wp\/v2\/media?parent=19017"}],"wp:term":[{"taxonomy":"product_brand","embeddable":true,"href":"https:\/\/uj.adatbank.ro\/lexikon\/wp-json\/wp\/v2\/product_brand?post=19017"},{"taxonomy":"product_cat","embeddable":true,"href":"https:\/\/uj.adatbank.ro\/lexikon\/wp-json\/wp\/v2\/product_cat?post=19017"},{"taxonomy":"product_tag","embeddable":true,"href":"https:\/\/uj.adatbank.ro\/lexikon\/wp-json\/wp\/v2\/product_tag?post=19017"}],"curies":[{"name":"wp","href":"https:\/\/api.w.org\/{rel}","templated":true}]}}