{"id":1906,"date":"2025-06-28T11:57:20","date_gmt":"2025-06-28T09:57:20","guid":{"rendered":"https:\/\/uj.adatbank.ro\/lexikon\/termek\/bako-zsuzsanna\/"},"modified":"2025-06-28T11:57:20","modified_gmt":"2025-06-28T09:57:20","slug":"bako-zsuzsanna","status":"publish","type":"product","link":"https:\/\/uj.adatbank.ro\/lexikon\/termek\/bako-zsuzsanna\/","title":{"rendered":"BAK\u00d3 Zsuzsanna"},"content":{"rendered":"<p>? \u2020\u00a0? : iskolat\u00e1mogat\u00f3. \u2013 1595 v\u00e1lt\u00f3forintot adott a mv.-i R. K. Gimn. \u00e9s nevel\u0151h\u00e1z sz\u00e1m\u00e1ra (1761). <br \/><strong>Irod.:<\/strong> P\u00e1l-Antal 2009<\/br><\/p>\n","protected":false},"excerpt":{"rendered":"<p>? \u2020\u00a0? : iskolat\u00e1mogat\u00f3. \u2013 1595 v\u00e1lt\u00f3forintot adott a mv.-i R. K. Gimn. \u00e9s nevel\u0151h\u00e1z sz\u00e1m\u00e1ra (1761). Irod.: P\u00e1l-Antal 2009<\/p>\n","protected":false},"featured_media":0,"comment_status":"open","ping_status":"closed","template":"","meta":[],"product_brand":[],"product_cat":[137],"product_tag":[],"class_list":{"0":"post-1906","1":"product","2":"type-product","3":"status-publish","5":"product_cat-maros-megyei-eletrajzi-lexikon","7":"first","8":"instock","9":"shipping-taxable","10":"product-type-simple"},"_links":{"self":[{"href":"https:\/\/uj.adatbank.ro\/lexikon\/wp-json\/wp\/v2\/product\/1906","targetHints":{"allow":["GET"]}}],"collection":[{"href":"https:\/\/uj.adatbank.ro\/lexikon\/wp-json\/wp\/v2\/product"}],"about":[{"href":"https:\/\/uj.adatbank.ro\/lexikon\/wp-json\/wp\/v2\/types\/product"}],"replies":[{"embeddable":true,"href":"https:\/\/uj.adatbank.ro\/lexikon\/wp-json\/wp\/v2\/comments?post=1906"}],"wp:attachment":[{"href":"https:\/\/uj.adatbank.ro\/lexikon\/wp-json\/wp\/v2\/media?parent=1906"}],"wp:term":[{"taxonomy":"product_brand","embeddable":true,"href":"https:\/\/uj.adatbank.ro\/lexikon\/wp-json\/wp\/v2\/product_brand?post=1906"},{"taxonomy":"product_cat","embeddable":true,"href":"https:\/\/uj.adatbank.ro\/lexikon\/wp-json\/wp\/v2\/product_cat?post=1906"},{"taxonomy":"product_tag","embeddable":true,"href":"https:\/\/uj.adatbank.ro\/lexikon\/wp-json\/wp\/v2\/product_tag?post=1906"}],"curies":[{"name":"wp","href":"https:\/\/api.w.org\/{rel}","templated":true}]}}