{"id":1907,"date":"2025-06-28T11:57:21","date_gmt":"2025-06-28T09:57:21","guid":{"rendered":"https:\/\/uj.adatbank.ro\/lexikon\/termek\/bakoczy-brozsek-karoly\/"},"modified":"2025-06-28T11:57:21","modified_gmt":"2025-06-28T09:57:21","slug":"bakoczy-brozsek-karoly","status":"publish","type":"product","link":"https:\/\/uj.adatbank.ro\/lexikon\/termek\/bakoczy-brozsek-karoly\/","title":{"rendered":"BAK\u00d3CZY (BROZSEK) K\u00e1roly"},"content":{"rendered":"<p>Mv., 1891. okt. 2., \u2020 Mv., 1968., erd\u0151tan\u00e1csos. \u2013 A mv.-i 10. sz. Vit\u00e9zi T\u00f6rzssz\u00e9k \u00e9s Maros-Torda V\u00e1rmegye Vit\u00e9zi Sz\u00e9k\u00e9nekTartal\u00e9kos f\u0151hadnagya (1944. m\u00e1rc. 15.): <br \/><strong>Irod.:<\/strong> Berekm\u00e9ri\u2013Nemes<\/br><\/p>\n","protected":false},"excerpt":{"rendered":"<p>Mv., 1891. okt. 2., \u2020 Mv., 1968., erd\u0151tan\u00e1csos. \u2013 A mv.-i 10. sz. Vit\u00e9zi T\u00f6rzssz\u00e9k \u00e9s Maros-Torda V\u00e1rmegye Vit\u00e9zi Sz\u00e9k\u00e9nekTartal\u00e9kos f\u0151hadnagya (1944. m\u00e1rc. 15.): Irod.: Berekm\u00e9ri\u2013Nemes<\/p>\n","protected":false},"featured_media":0,"comment_status":"open","ping_status":"closed","template":"","meta":[],"product_brand":[],"product_cat":[137],"product_tag":[],"class_list":{"0":"post-1907","1":"product","2":"type-product","3":"status-publish","5":"product_cat-maros-megyei-eletrajzi-lexikon","7":"first","8":"instock","9":"shipping-taxable","10":"product-type-simple"},"_links":{"self":[{"href":"https:\/\/uj.adatbank.ro\/lexikon\/wp-json\/wp\/v2\/product\/1907","targetHints":{"allow":["GET"]}}],"collection":[{"href":"https:\/\/uj.adatbank.ro\/lexikon\/wp-json\/wp\/v2\/product"}],"about":[{"href":"https:\/\/uj.adatbank.ro\/lexikon\/wp-json\/wp\/v2\/types\/product"}],"replies":[{"embeddable":true,"href":"https:\/\/uj.adatbank.ro\/lexikon\/wp-json\/wp\/v2\/comments?post=1907"}],"wp:attachment":[{"href":"https:\/\/uj.adatbank.ro\/lexikon\/wp-json\/wp\/v2\/media?parent=1907"}],"wp:term":[{"taxonomy":"product_brand","embeddable":true,"href":"https:\/\/uj.adatbank.ro\/lexikon\/wp-json\/wp\/v2\/product_brand?post=1907"},{"taxonomy":"product_cat","embeddable":true,"href":"https:\/\/uj.adatbank.ro\/lexikon\/wp-json\/wp\/v2\/product_cat?post=1907"},{"taxonomy":"product_tag","embeddable":true,"href":"https:\/\/uj.adatbank.ro\/lexikon\/wp-json\/wp\/v2\/product_tag?post=1907"}],"curies":[{"name":"wp","href":"https:\/\/api.w.org\/{rel}","templated":true}]}}