{"id":1909,"date":"2025-06-28T11:57:24","date_gmt":"2025-06-28T09:57:24","guid":{"rendered":"https:\/\/uj.adatbank.ro\/lexikon\/termek\/bakos-daniel\/"},"modified":"2025-06-28T11:57:24","modified_gmt":"2025-06-28T09:57:24","slug":"bakos-daniel","status":"publish","type":"product","link":"https:\/\/uj.adatbank.ro\/lexikon\/termek\/bakos-daniel\/","title":{"rendered":"BAKOS D\u00e1niel"},"content":{"rendered":"<p>? \u2020\u00a0? : sz\u0171cs, esk\u00fcdt polg\u00e1r. \u2013 V\u00e1rosi polg\u00e1rs\u00e1got nyert (1627), a Mv.-i esk\u00fcdt k\u00f6z\u00f6ns\u00e9g tagja (1653, \u201355, 58, 62, 65, 66). <br \/><strong>Irod.:<\/strong> P\u00e1l-Antal 2006; P\u00e1l-Antal 2009; SzOkl, 6.<\/br><\/p>\n","protected":false},"excerpt":{"rendered":"<p>? \u2020\u00a0? : sz\u0171cs, esk\u00fcdt polg\u00e1r. \u2013 V\u00e1rosi polg\u00e1rs\u00e1got nyert (1627), a Mv.-i esk\u00fcdt k\u00f6z\u00f6ns\u00e9g tagja (1653, \u201355, 58, 62, 65, 66). Irod.: P\u00e1l-Antal 2006; P\u00e1l-Antal 2009; SzOkl, 6.<\/p>\n","protected":false},"featured_media":0,"comment_status":"open","ping_status":"closed","template":"","meta":[],"product_brand":[],"product_cat":[137],"product_tag":[],"class_list":{"0":"post-1909","1":"product","2":"type-product","3":"status-publish","5":"product_cat-maros-megyei-eletrajzi-lexikon","7":"first","8":"instock","9":"shipping-taxable","10":"product-type-simple"},"_links":{"self":[{"href":"https:\/\/uj.adatbank.ro\/lexikon\/wp-json\/wp\/v2\/product\/1909","targetHints":{"allow":["GET"]}}],"collection":[{"href":"https:\/\/uj.adatbank.ro\/lexikon\/wp-json\/wp\/v2\/product"}],"about":[{"href":"https:\/\/uj.adatbank.ro\/lexikon\/wp-json\/wp\/v2\/types\/product"}],"replies":[{"embeddable":true,"href":"https:\/\/uj.adatbank.ro\/lexikon\/wp-json\/wp\/v2\/comments?post=1909"}],"wp:attachment":[{"href":"https:\/\/uj.adatbank.ro\/lexikon\/wp-json\/wp\/v2\/media?parent=1909"}],"wp:term":[{"taxonomy":"product_brand","embeddable":true,"href":"https:\/\/uj.adatbank.ro\/lexikon\/wp-json\/wp\/v2\/product_brand?post=1909"},{"taxonomy":"product_cat","embeddable":true,"href":"https:\/\/uj.adatbank.ro\/lexikon\/wp-json\/wp\/v2\/product_cat?post=1909"},{"taxonomy":"product_tag","embeddable":true,"href":"https:\/\/uj.adatbank.ro\/lexikon\/wp-json\/wp\/v2\/product_tag?post=1909"}],"curies":[{"name":"wp","href":"https:\/\/api.w.org\/{rel}","templated":true}]}}