{"id":1911,"date":"2025-06-28T11:57:27","date_gmt":"2025-06-28T09:57:27","guid":{"rendered":"https:\/\/uj.adatbank.ro\/lexikon\/termek\/bakos-gyorgy\/"},"modified":"2025-06-28T11:57:27","modified_gmt":"2025-06-28T09:57:27","slug":"bakos-gyorgy","status":"publish","type":"product","link":"https:\/\/uj.adatbank.ro\/lexikon\/termek\/bakos-gyorgy\/","title":{"rendered":"BAKOS Gy\u00f6rgy"},"content":{"rendered":"<p>Magyar\u00f3, 1888., \u2020\u00a0Magyar\u00f3, 1975. k.: \u00e1llatgy\u00f3gy\u00e1sz. \u2013 Az \u00e1llatgy\u00f3gy\u00edt\u00e1s ter\u00e9n Magyar\u00f3n \u00e9s az eg\u00e9sz k\u00f6rny\u00e9ken \u00f3ri\u00e1si szaktekint\u00e9lynek \u00f6rvendett (a k\u00e9t vh. k\u00f6z\u00f6tt \u00e9s ut\u00e1na is). M\u00e9g a k\u00f6rzeti \u00e1llatorvos is sz\u00e1mos esetben ig\u00e9nybe vette tud\u00e1s\u00e1t. A faluban \u0151 volt az utols\u00f3 \u00e1llatgy\u00f3gy\u00edt\u00f3. <br \/><strong>Irod.:<\/strong> Magyar\u00f3 h\u00e9tk\u00f6znapjai<\/br><\/p>\n","protected":false},"excerpt":{"rendered":"<p>Magyar\u00f3, 1888., \u2020\u00a0Magyar\u00f3, 1975. k.: \u00e1llatgy\u00f3gy\u00e1sz. \u2013 Az \u00e1llatgy\u00f3gy\u00edt\u00e1s ter\u00e9n Magyar\u00f3n \u00e9s az eg\u00e9sz k\u00f6rny\u00e9ken \u00f3ri\u00e1si szaktekint\u00e9lynek \u00f6rvendett (a k\u00e9t vh. k\u00f6z\u00f6tt \u00e9s ut\u00e1na is). M\u00e9g a k\u00f6rzeti \u00e1llatorvos is sz\u00e1mos esetben ig\u00e9nybe vette tud\u00e1s\u00e1t. A faluban \u0151 volt az utols\u00f3 \u00e1llatgy\u00f3gy\u00edt\u00f3. Irod.: Magyar\u00f3 h\u00e9tk\u00f6znapjai<\/p>\n","protected":false},"featured_media":0,"comment_status":"open","ping_status":"closed","template":"","meta":[],"product_brand":[],"product_cat":[137],"product_tag":[],"class_list":{"0":"post-1911","1":"product","2":"type-product","3":"status-publish","5":"product_cat-maros-megyei-eletrajzi-lexikon","7":"first","8":"instock","9":"shipping-taxable","10":"product-type-simple"},"_links":{"self":[{"href":"https:\/\/uj.adatbank.ro\/lexikon\/wp-json\/wp\/v2\/product\/1911","targetHints":{"allow":["GET"]}}],"collection":[{"href":"https:\/\/uj.adatbank.ro\/lexikon\/wp-json\/wp\/v2\/product"}],"about":[{"href":"https:\/\/uj.adatbank.ro\/lexikon\/wp-json\/wp\/v2\/types\/product"}],"replies":[{"embeddable":true,"href":"https:\/\/uj.adatbank.ro\/lexikon\/wp-json\/wp\/v2\/comments?post=1911"}],"wp:attachment":[{"href":"https:\/\/uj.adatbank.ro\/lexikon\/wp-json\/wp\/v2\/media?parent=1911"}],"wp:term":[{"taxonomy":"product_brand","embeddable":true,"href":"https:\/\/uj.adatbank.ro\/lexikon\/wp-json\/wp\/v2\/product_brand?post=1911"},{"taxonomy":"product_cat","embeddable":true,"href":"https:\/\/uj.adatbank.ro\/lexikon\/wp-json\/wp\/v2\/product_cat?post=1911"},{"taxonomy":"product_tag","embeddable":true,"href":"https:\/\/uj.adatbank.ro\/lexikon\/wp-json\/wp\/v2\/product_tag?post=1911"}],"curies":[{"name":"wp","href":"https:\/\/api.w.org\/{rel}","templated":true}]}}