{"id":1914,"date":"2025-06-28T11:57:34","date_gmt":"2025-06-28T09:57:34","guid":{"rendered":"https:\/\/uj.adatbank.ro\/lexikon\/termek\/bakos-tamas\/"},"modified":"2025-06-28T11:57:34","modified_gmt":"2025-06-28T09:57:34","slug":"bakos-tamas","status":"publish","type":"product","link":"https:\/\/uj.adatbank.ro\/lexikon\/termek\/bakos-tamas\/","title":{"rendered":"BAKOS Tam\u00e1s"},"content":{"rendered":"<p>? \u2020\u00a0? : sz\u00edn\u00e9sz. \u2013 A Mv. Sz\u00e9kely Sz\u00ednh\u00e1zban j\u00e1tszott (1945\u201347). \u2013 <strong>F. sz.:<\/strong> Fu-Li, k\u00f6vets\u00e9gi titk\u00e1r (Leh\u00e1r Ferenc: A mosoly orsz\u00e1ga); M\u00e1sodik rend\u0151r (Moln\u00e1r Ferenc: A doktor \u00far); L\u00e9benl\u00e1b, f\u0151hopmester (Szirmai Albert: M\u00e9zeskal\u00e1cs); Saville, Menager (Leh\u00e1r Ferenc: Luxemburg Gr\u00f3fja); F\u0151orvos (Zilahy Lajos: Hazaj\u00e1r\u00f3 l\u00e9lek); Igazgat\u00f3 (Farkas Imre: Igl\u00f3i di\u00e1kok); Rohnsdorff (K\u00e1lm\u00e1n Imre: Cs\u00e1rd\u00e1skir\u00e1lyn\u0151); Marchand, tan\u00e1r (Paul Laurent: Szerelmes di\u00e1kok). <br \/><strong>Irod.:<\/strong> Horv\u00e1th Bea<\/br><\/p>\n","protected":false},"excerpt":{"rendered":"<p>? \u2020\u00a0? : sz\u00edn\u00e9sz. \u2013 A Mv. Sz\u00e9kely Sz\u00ednh\u00e1zban j\u00e1tszott (1945\u201347). \u2013 F. sz.: Fu-Li, k\u00f6vets\u00e9gi titk\u00e1r (Leh\u00e1r Ferenc: A mosoly orsz\u00e1ga); M\u00e1sodik rend\u0151r (Moln\u00e1r Ferenc: A doktor \u00far); L\u00e9benl\u00e1b, f\u0151hopmester (Szirmai Albert: M\u00e9zeskal\u00e1cs); Saville, Menager (Leh\u00e1r Ferenc: Luxemburg Gr\u00f3fja); F\u0151orvos (Zilahy Lajos: Hazaj\u00e1r\u00f3 l\u00e9lek); Igazgat\u00f3 (Farkas Imre: Igl\u00f3i di\u00e1kok); Rohnsdorff (K\u00e1lm\u00e1n Imre: Cs\u00e1rd\u00e1skir\u00e1lyn\u0151); Marchand, [&hellip;]<\/p>\n","protected":false},"featured_media":0,"comment_status":"open","ping_status":"closed","template":"","meta":[],"product_brand":[],"product_cat":[137],"product_tag":[],"class_list":{"0":"post-1914","1":"product","2":"type-product","3":"status-publish","5":"product_cat-maros-megyei-eletrajzi-lexikon","7":"first","8":"instock","9":"shipping-taxable","10":"product-type-simple"},"_links":{"self":[{"href":"https:\/\/uj.adatbank.ro\/lexikon\/wp-json\/wp\/v2\/product\/1914","targetHints":{"allow":["GET"]}}],"collection":[{"href":"https:\/\/uj.adatbank.ro\/lexikon\/wp-json\/wp\/v2\/product"}],"about":[{"href":"https:\/\/uj.adatbank.ro\/lexikon\/wp-json\/wp\/v2\/types\/product"}],"replies":[{"embeddable":true,"href":"https:\/\/uj.adatbank.ro\/lexikon\/wp-json\/wp\/v2\/comments?post=1914"}],"wp:attachment":[{"href":"https:\/\/uj.adatbank.ro\/lexikon\/wp-json\/wp\/v2\/media?parent=1914"}],"wp:term":[{"taxonomy":"product_brand","embeddable":true,"href":"https:\/\/uj.adatbank.ro\/lexikon\/wp-json\/wp\/v2\/product_brand?post=1914"},{"taxonomy":"product_cat","embeddable":true,"href":"https:\/\/uj.adatbank.ro\/lexikon\/wp-json\/wp\/v2\/product_cat?post=1914"},{"taxonomy":"product_tag","embeddable":true,"href":"https:\/\/uj.adatbank.ro\/lexikon\/wp-json\/wp\/v2\/product_tag?post=1914"}],"curies":[{"name":"wp","href":"https:\/\/api.w.org\/{rel}","templated":true}]}}