{"id":1916,"date":"2025-06-28T11:57:38","date_gmt":"2025-06-28T09:57:38","guid":{"rendered":"https:\/\/uj.adatbank.ro\/lexikon\/termek\/baktsi-janos\/"},"modified":"2025-06-28T11:57:38","modified_gmt":"2025-06-28T09:57:38","slug":"baktsi-janos","status":"publish","type":"product","link":"https:\/\/uj.adatbank.ro\/lexikon\/termek\/baktsi-janos\/","title":{"rendered":"BAKTSI J\u00e1nos"},"content":{"rendered":"<p>? \u2020\u00a0Nagyteremi, 1788.: ref. lelk\u00e9sz. \u2013 Nagyenyeden subscrib\u00e1lt (1758), majd peregrin\u00e1lt. Sz\u0151kefalv\u00e1n lelk\u00e9sz (1773\u201375), Nagyteremiben m\u0171k\u00f6d\u00f6tt hal\u00e1l\u00e1ig (1775\u201388). <br \/><strong>Irod.:<\/strong> Internet; K\u00fck\u00fcll\u0151i Ref. Egyh\u00e1zm. 4.; Nagy L\u00e1szl\u00f3<\/br><\/p>\n","protected":false},"excerpt":{"rendered":"<p>? \u2020\u00a0Nagyteremi, 1788.: ref. lelk\u00e9sz. \u2013 Nagyenyeden subscrib\u00e1lt (1758), majd peregrin\u00e1lt. Sz\u0151kefalv\u00e1n lelk\u00e9sz (1773\u201375), Nagyteremiben m\u0171k\u00f6d\u00f6tt hal\u00e1l\u00e1ig (1775\u201388). Irod.: Internet; K\u00fck\u00fcll\u0151i Ref. Egyh\u00e1zm. 4.; Nagy L\u00e1szl\u00f3<\/p>\n","protected":false},"featured_media":0,"comment_status":"open","ping_status":"closed","template":"","meta":[],"product_brand":[],"product_cat":[137],"product_tag":[],"class_list":{"0":"post-1916","1":"product","2":"type-product","3":"status-publish","5":"product_cat-maros-megyei-eletrajzi-lexikon","7":"first","8":"instock","9":"shipping-taxable","10":"product-type-simple"},"_links":{"self":[{"href":"https:\/\/uj.adatbank.ro\/lexikon\/wp-json\/wp\/v2\/product\/1916","targetHints":{"allow":["GET"]}}],"collection":[{"href":"https:\/\/uj.adatbank.ro\/lexikon\/wp-json\/wp\/v2\/product"}],"about":[{"href":"https:\/\/uj.adatbank.ro\/lexikon\/wp-json\/wp\/v2\/types\/product"}],"replies":[{"embeddable":true,"href":"https:\/\/uj.adatbank.ro\/lexikon\/wp-json\/wp\/v2\/comments?post=1916"}],"wp:attachment":[{"href":"https:\/\/uj.adatbank.ro\/lexikon\/wp-json\/wp\/v2\/media?parent=1916"}],"wp:term":[{"taxonomy":"product_brand","embeddable":true,"href":"https:\/\/uj.adatbank.ro\/lexikon\/wp-json\/wp\/v2\/product_brand?post=1916"},{"taxonomy":"product_cat","embeddable":true,"href":"https:\/\/uj.adatbank.ro\/lexikon\/wp-json\/wp\/v2\/product_cat?post=1916"},{"taxonomy":"product_tag","embeddable":true,"href":"https:\/\/uj.adatbank.ro\/lexikon\/wp-json\/wp\/v2\/product_tag?post=1916"}],"curies":[{"name":"wp","href":"https:\/\/api.w.org\/{rel}","templated":true}]}}