{"id":1917,"date":"2025-06-28T11:57:41","date_gmt":"2025-06-28T09:57:41","guid":{"rendered":"https:\/\/uj.adatbank.ro\/lexikon\/termek\/baku-georg-g-b-traugott\/"},"modified":"2025-06-28T11:57:41","modified_gmt":"2025-06-28T09:57:41","slug":"baku-georg-g-b-traugott","status":"publish","type":"product","link":"https:\/\/uj.adatbank.ro\/lexikon\/termek\/baku-georg-g-b-traugott\/","title":{"rendered":"BAKU Georg, G. B. Traugott"},"content":{"rendered":"<p>Segesv\u00e1r, v. Homor\u00f3ddar\u00f3c, 1866. jan. 15., \u2020\u00a0? : ev. lelk\u00e9sz. \u2013 Segesv\u00e1ron tanult, J\u00e9n\u00e1ban az Egy. Hittud. Kar\u00e1n (1884. okt. 24. \u201386), a berlini Egy., Hittud. Kar\u00e1niHittHHhhhhhh HHHHhh (1886. nov. 2. \u201387. \u00e1pr. 1.), \u00fajra a j\u00e9nai Egy. Hittud. Kar\u00e1n (1887. \u00e1pr. 20.) v\u00e9gzett. Hitsz\u00f3nok Segesv\u00e1ron, lelk\u00e9sz Homor\u00f3ddar\u00f3con (1900\u201311), Nagyapoldon (1911\u201321, ahol G. B. Traugott n\u00e9ven m\u0171k\u00f6d\u00f6tt) \u00e9s Sz\u00e1szmagyar\u00f3son nyugd\u00edjaz\u00e1s\u00e1ig (1923\u201330). <br \/><strong>Irod.:<\/strong> Szab\u00f3\u2013Simon\u2013Sz\u00f6gi<\/br><\/p>\n","protected":false},"excerpt":{"rendered":"<p>Segesv\u00e1r, v. Homor\u00f3ddar\u00f3c, 1866. jan. 15., \u2020\u00a0? : ev. lelk\u00e9sz. \u2013 Segesv\u00e1ron tanult, J\u00e9n\u00e1ban az Egy. Hittud. Kar\u00e1n (1884. okt. 24. \u201386), a berlini Egy., Hittud. Kar\u00e1niHittHHhhhhhh HHHHhh (1886. nov. 2. \u201387. \u00e1pr. 1.), \u00fajra a j\u00e9nai Egy. Hittud. Kar\u00e1n (1887. \u00e1pr. 20.) v\u00e9gzett. Hitsz\u00f3nok Segesv\u00e1ron, lelk\u00e9sz Homor\u00f3ddar\u00f3con (1900\u201311), Nagyapoldon (1911\u201321, ahol G. B. Traugott [&hellip;]<\/p>\n","protected":false},"featured_media":0,"comment_status":"open","ping_status":"closed","template":"","meta":[],"product_brand":[],"product_cat":[137],"product_tag":[],"class_list":{"0":"post-1917","1":"product","2":"type-product","3":"status-publish","5":"product_cat-maros-megyei-eletrajzi-lexikon","7":"first","8":"instock","9":"shipping-taxable","10":"product-type-simple"},"_links":{"self":[{"href":"https:\/\/uj.adatbank.ro\/lexikon\/wp-json\/wp\/v2\/product\/1917","targetHints":{"allow":["GET"]}}],"collection":[{"href":"https:\/\/uj.adatbank.ro\/lexikon\/wp-json\/wp\/v2\/product"}],"about":[{"href":"https:\/\/uj.adatbank.ro\/lexikon\/wp-json\/wp\/v2\/types\/product"}],"replies":[{"embeddable":true,"href":"https:\/\/uj.adatbank.ro\/lexikon\/wp-json\/wp\/v2\/comments?post=1917"}],"wp:attachment":[{"href":"https:\/\/uj.adatbank.ro\/lexikon\/wp-json\/wp\/v2\/media?parent=1917"}],"wp:term":[{"taxonomy":"product_brand","embeddable":true,"href":"https:\/\/uj.adatbank.ro\/lexikon\/wp-json\/wp\/v2\/product_brand?post=1917"},{"taxonomy":"product_cat","embeddable":true,"href":"https:\/\/uj.adatbank.ro\/lexikon\/wp-json\/wp\/v2\/product_cat?post=1917"},{"taxonomy":"product_tag","embeddable":true,"href":"https:\/\/uj.adatbank.ro\/lexikon\/wp-json\/wp\/v2\/product_tag?post=1917"}],"curies":[{"name":"wp","href":"https:\/\/api.w.org\/{rel}","templated":true}]}}