{"id":1919,"date":"2025-06-28T11:57:48","date_gmt":"2025-06-28T09:57:48","guid":{"rendered":"https:\/\/uj.adatbank.ro\/lexikon\/termek\/baladfi-gabor\/"},"modified":"2025-06-28T11:57:48","modified_gmt":"2025-06-28T09:57:48","slug":"baladfi-gabor","status":"publish","type":"product","link":"https:\/\/uj.adatbank.ro\/lexikon\/termek\/baladfi-gabor\/","title":{"rendered":"BAL\u00c1DFI G\u00e1bor"},"content":{"rendered":"<p>? \u2020\u00a0? : f\u00f6ldbirtokos. \u2013 Maroscsap\u00f3i f\u00f6ldbirtokos (15\u201316. sz.), idej\u00e9ben a falu lak\u00f3i unit. vall\u00e1s\u00faak voltak. <br \/><strong>Irod.:<\/strong> Bodolai Gy\u00f6ngyi: Gazd\u00e1tlanul (N\u00fa., 1998. m\u00e1rc. 3.)<\/br><\/p>\n","protected":false},"excerpt":{"rendered":"<p>? \u2020\u00a0? : f\u00f6ldbirtokos. \u2013 Maroscsap\u00f3i f\u00f6ldbirtokos (15\u201316. sz.), idej\u00e9ben a falu lak\u00f3i unit. vall\u00e1s\u00faak voltak. Irod.: Bodolai Gy\u00f6ngyi: Gazd\u00e1tlanul (N\u00fa., 1998. m\u00e1rc. 3.)<\/p>\n","protected":false},"featured_media":0,"comment_status":"open","ping_status":"closed","template":"","meta":[],"product_brand":[],"product_cat":[137],"product_tag":[],"class_list":{"0":"post-1919","1":"product","2":"type-product","3":"status-publish","5":"product_cat-maros-megyei-eletrajzi-lexikon","7":"first","8":"instock","9":"shipping-taxable","10":"product-type-simple"},"_links":{"self":[{"href":"https:\/\/uj.adatbank.ro\/lexikon\/wp-json\/wp\/v2\/product\/1919","targetHints":{"allow":["GET"]}}],"collection":[{"href":"https:\/\/uj.adatbank.ro\/lexikon\/wp-json\/wp\/v2\/product"}],"about":[{"href":"https:\/\/uj.adatbank.ro\/lexikon\/wp-json\/wp\/v2\/types\/product"}],"replies":[{"embeddable":true,"href":"https:\/\/uj.adatbank.ro\/lexikon\/wp-json\/wp\/v2\/comments?post=1919"}],"wp:attachment":[{"href":"https:\/\/uj.adatbank.ro\/lexikon\/wp-json\/wp\/v2\/media?parent=1919"}],"wp:term":[{"taxonomy":"product_brand","embeddable":true,"href":"https:\/\/uj.adatbank.ro\/lexikon\/wp-json\/wp\/v2\/product_brand?post=1919"},{"taxonomy":"product_cat","embeddable":true,"href":"https:\/\/uj.adatbank.ro\/lexikon\/wp-json\/wp\/v2\/product_cat?post=1919"},{"taxonomy":"product_tag","embeddable":true,"href":"https:\/\/uj.adatbank.ro\/lexikon\/wp-json\/wp\/v2\/product_tag?post=1919"}],"curies":[{"name":"wp","href":"https:\/\/api.w.org\/{rel}","templated":true}]}}