{"id":1921,"date":"2025-06-28T11:57:56","date_gmt":"2025-06-28T09:57:56","guid":{"rendered":"https:\/\/uj.adatbank.ro\/lexikon\/termek\/balas-antal\/"},"modified":"2025-06-28T11:57:56","modified_gmt":"2025-06-28T09:57:56","slug":"balas-antal","status":"publish","type":"product","link":"https:\/\/uj.adatbank.ro\/lexikon\/termek\/balas-antal\/","title":{"rendered":"BAL\u00c1S Antal"},"content":{"rendered":"<p>? \u2020 ? : tan\u00e1r. \u2013 A mv.-i R. K. Gimn. ig.-ja volt (1868?\u201375). Mv.-en megalakult az iskolasz\u00e9k, amelynek megv\u00e1lasztott m\u00e1sodeln\u00f6ke (1871. nov. \u2013). <br \/><strong>Irod.:<\/strong> Nemes; R. k. okt. \u2013 1; R. k. okt. \u20132<\/br><\/p>\n","protected":false},"excerpt":{"rendered":"<p>? \u2020 ? : tan\u00e1r. \u2013 A mv.-i R. K. Gimn. ig.-ja volt (1868?\u201375). Mv.-en megalakult az iskolasz\u00e9k, amelynek megv\u00e1lasztott m\u00e1sodeln\u00f6ke (1871. nov. \u2013). Irod.: Nemes; R. k. okt. \u2013 1; R. k. okt. \u20132<\/p>\n","protected":false},"featured_media":0,"comment_status":"open","ping_status":"closed","template":"","meta":[],"product_brand":[],"product_cat":[137],"product_tag":[],"class_list":{"0":"post-1921","1":"product","2":"type-product","3":"status-publish","5":"product_cat-maros-megyei-eletrajzi-lexikon","7":"first","8":"instock","9":"shipping-taxable","10":"product-type-simple"},"_links":{"self":[{"href":"https:\/\/uj.adatbank.ro\/lexikon\/wp-json\/wp\/v2\/product\/1921","targetHints":{"allow":["GET"]}}],"collection":[{"href":"https:\/\/uj.adatbank.ro\/lexikon\/wp-json\/wp\/v2\/product"}],"about":[{"href":"https:\/\/uj.adatbank.ro\/lexikon\/wp-json\/wp\/v2\/types\/product"}],"replies":[{"embeddable":true,"href":"https:\/\/uj.adatbank.ro\/lexikon\/wp-json\/wp\/v2\/comments?post=1921"}],"wp:attachment":[{"href":"https:\/\/uj.adatbank.ro\/lexikon\/wp-json\/wp\/v2\/media?parent=1921"}],"wp:term":[{"taxonomy":"product_brand","embeddable":true,"href":"https:\/\/uj.adatbank.ro\/lexikon\/wp-json\/wp\/v2\/product_brand?post=1921"},{"taxonomy":"product_cat","embeddable":true,"href":"https:\/\/uj.adatbank.ro\/lexikon\/wp-json\/wp\/v2\/product_cat?post=1921"},{"taxonomy":"product_tag","embeddable":true,"href":"https:\/\/uj.adatbank.ro\/lexikon\/wp-json\/wp\/v2\/product_tag?post=1921"}],"curies":[{"name":"wp","href":"https:\/\/api.w.org\/{rel}","templated":true}]}}