{"id":1926,"date":"2025-06-28T11:58:07","date_gmt":"2025-06-28T09:58:07","guid":{"rendered":"https:\/\/uj.adatbank.ro\/lexikon\/termek\/balas-jozsef\/"},"modified":"2025-06-28T11:58:07","modified_gmt":"2025-06-28T09:58:07","slug":"balas-jozsef","status":"publish","type":"product","link":"https:\/\/uj.adatbank.ro\/lexikon\/termek\/balas-jozsef\/","title":{"rendered":"BAL\u00c1S J\u00f3zsef"},"content":{"rendered":"<p>? \u2020 ? : b\u00edr\u00f3. \u2013 Mv.-en kir. a t\u00e1bla b\u00edr\u00f3ja. Sz\u00e9kely Mih\u00e1ly hal\u00e1la ut\u00e1n a mv.-i R. K. Tanoda f\u0151gondnoka. Sokat tett az 1834-ben \u00e9p\u00fclt S\u00e1ros- utcai r. k. neveldeh\u00e1z fel\u00e9p\u00edt\u00e9se \u00e9rdek\u00e9ben. <br \/><strong>Irod.:<\/strong> Kr\u00f3n. F\u00fcz. (1939. 4\/6)<\/br><\/p>\n","protected":false},"excerpt":{"rendered":"<p>? \u2020 ? : b\u00edr\u00f3. \u2013 Mv.-en kir. a t\u00e1bla b\u00edr\u00f3ja. Sz\u00e9kely Mih\u00e1ly hal\u00e1la ut\u00e1n a mv.-i R. K. Tanoda f\u0151gondnoka. Sokat tett az 1834-ben \u00e9p\u00fclt S\u00e1ros- utcai r. k. neveldeh\u00e1z fel\u00e9p\u00edt\u00e9se \u00e9rdek\u00e9ben. Irod.: Kr\u00f3n. F\u00fcz. (1939. 4\/6)<\/p>\n","protected":false},"featured_media":0,"comment_status":"open","ping_status":"closed","template":"","meta":[],"product_brand":[],"product_cat":[137],"product_tag":[],"class_list":{"0":"post-1926","1":"product","2":"type-product","3":"status-publish","5":"product_cat-maros-megyei-eletrajzi-lexikon","7":"first","8":"instock","9":"shipping-taxable","10":"product-type-simple"},"_links":{"self":[{"href":"https:\/\/uj.adatbank.ro\/lexikon\/wp-json\/wp\/v2\/product\/1926","targetHints":{"allow":["GET"]}}],"collection":[{"href":"https:\/\/uj.adatbank.ro\/lexikon\/wp-json\/wp\/v2\/product"}],"about":[{"href":"https:\/\/uj.adatbank.ro\/lexikon\/wp-json\/wp\/v2\/types\/product"}],"replies":[{"embeddable":true,"href":"https:\/\/uj.adatbank.ro\/lexikon\/wp-json\/wp\/v2\/comments?post=1926"}],"wp:attachment":[{"href":"https:\/\/uj.adatbank.ro\/lexikon\/wp-json\/wp\/v2\/media?parent=1926"}],"wp:term":[{"taxonomy":"product_brand","embeddable":true,"href":"https:\/\/uj.adatbank.ro\/lexikon\/wp-json\/wp\/v2\/product_brand?post=1926"},{"taxonomy":"product_cat","embeddable":true,"href":"https:\/\/uj.adatbank.ro\/lexikon\/wp-json\/wp\/v2\/product_cat?post=1926"},{"taxonomy":"product_tag","embeddable":true,"href":"https:\/\/uj.adatbank.ro\/lexikon\/wp-json\/wp\/v2\/product_tag?post=1926"}],"curies":[{"name":"wp","href":"https:\/\/api.w.org\/{rel}","templated":true}]}}