{"id":1927,"date":"2025-06-28T11:58:09","date_gmt":"2025-06-28T09:58:09","guid":{"rendered":"https:\/\/uj.adatbank.ro\/lexikon\/termek\/balas-mano\/"},"modified":"2025-07-16T14:13:10","modified_gmt":"2025-07-16T12:13:10","slug":"balas-mano","status":"publish","type":"product","link":"https:\/\/uj.adatbank.ro\/lexikon\/termek\/balas-mano\/","title":{"rendered":"BAL\u00c1S Man\u00f3"},"content":{"rendered":"<p>? \u2020 ?: \u0151rnagy. \u2013 Mint a mv.-i 12. honv\u00e9dz\u00e1szl\u00f3alj parancsnoka (1848), lepakt\u00e1lt az ellens\u00e9ggel \u00e9s meg\u00fczente Puchnernek, aki \u00fagy v\u00e9lhette, hogy Erd\u00e9ly teljesen uralma al\u00e1 ker\u00fclt (1848. nov.), H\u00e1romsz\u00e9k b\u00e1rmely er\u0151vel szembe sz\u00e1ll, mely nem V. Ferdin\u00e1nd magyar kir\u00e1ly \u00e9s a magyarhoni korm\u00e1nyt\u00f3l j\u00f6n.<br \/>\n<strong>Irod.:<\/strong> Babucs Zolt\u00e1n hadt\u00f6rt\u00e9n\u00e9sz (Erd\u00e9lyi Ref. Kal.)<\/p>\n","protected":false},"excerpt":{"rendered":"<p>? \u2020 ?: \u0151rnagy. \u2013 Mint a mv.-i 12. honv\u00e9dz\u00e1szl\u00f3alj parancsnoka (1848), lepakt\u00e1lt az ellens\u00e9ggel \u00e9s meg\u00fczente Puchnernek, aki \u00fagy v\u00e9lhette, hogy Erd\u00e9ly teljesen uralma al\u00e1 ker\u00fclt (1848. nov.), H\u00e1romsz\u00e9k b\u00e1rmely er\u0151vel szembe sz\u00e1ll, mely nem V. Ferdin\u00e1nd magyar kir\u00e1ly \u00e9s a magyarhoni korm\u00e1nyt\u00f3l j\u00f6n. Irod.: Babucs Zolt\u00e1n hadt\u00f6rt\u00e9n\u00e9sz (Erd\u00e9lyi Ref. Kal.)<\/p>\n","protected":false},"featured_media":0,"comment_status":"open","ping_status":"closed","template":"","meta":[],"product_brand":[],"product_cat":[137],"product_tag":[],"class_list":{"0":"post-1927","1":"product","2":"type-product","3":"status-publish","5":"product_cat-maros-megyei-eletrajzi-lexikon","7":"first","8":"instock","9":"shipping-taxable","10":"product-type-simple"},"_links":{"self":[{"href":"https:\/\/uj.adatbank.ro\/lexikon\/wp-json\/wp\/v2\/product\/1927","targetHints":{"allow":["GET"]}}],"collection":[{"href":"https:\/\/uj.adatbank.ro\/lexikon\/wp-json\/wp\/v2\/product"}],"about":[{"href":"https:\/\/uj.adatbank.ro\/lexikon\/wp-json\/wp\/v2\/types\/product"}],"replies":[{"embeddable":true,"href":"https:\/\/uj.adatbank.ro\/lexikon\/wp-json\/wp\/v2\/comments?post=1927"}],"wp:attachment":[{"href":"https:\/\/uj.adatbank.ro\/lexikon\/wp-json\/wp\/v2\/media?parent=1927"}],"wp:term":[{"taxonomy":"product_brand","embeddable":true,"href":"https:\/\/uj.adatbank.ro\/lexikon\/wp-json\/wp\/v2\/product_brand?post=1927"},{"taxonomy":"product_cat","embeddable":true,"href":"https:\/\/uj.adatbank.ro\/lexikon\/wp-json\/wp\/v2\/product_cat?post=1927"},{"taxonomy":"product_tag","embeddable":true,"href":"https:\/\/uj.adatbank.ro\/lexikon\/wp-json\/wp\/v2\/product_tag?post=1927"}],"curies":[{"name":"wp","href":"https:\/\/api.w.org\/{rel}","templated":true}]}}