{"id":1930,"date":"2025-06-28T11:58:17","date_gmt":"2025-06-28T09:58:17","guid":{"rendered":"https:\/\/uj.adatbank.ro\/lexikon\/termek\/balasffy-farkas\/"},"modified":"2026-01-21T19:26:20","modified_gmt":"2026-01-21T18:26:20","slug":"balasffy-farkas","status":"publish","type":"product","link":"https:\/\/uj.adatbank.ro\/lexikon\/termek\/balasffy-farkas\/","title":{"rendered":"BAL\u00c1SFFY Farkas"},"content":{"rendered":"<p>? \u2020 1634. m\u00e1j. 10.: nemes. \u2013 A kolozsv\u00e1ri gy\u0171l\u00e9sen kirendelt\u00e9k a spanyol katon\u00e1k mell\u00e9 (1551). Csak az ismert, hogy erd\u00e9lyi csal\u00e1d tagja \u00e9s a rokona K\u00fck\u00fcll\u0151 v\u00e1rmegye f\u0151isp\u00e1nja (1570. k.).<br \/>\n<strong>Irod.:<\/strong> MCK; Nagy Iv\u00e1n<\/p>\n","protected":false},"excerpt":{"rendered":"<p>? \u2020 1634. m\u00e1j. 10.: nemes. \u2013 A kolozsv\u00e1ri gy\u0171l\u00e9sen kirendelt\u00e9k a spanyol katon\u00e1k mell\u00e9 (1551). Csak az ismert, hogy erd\u00e9lyi csal\u00e1d tagja \u00e9s a rokona K\u00fck\u00fcll\u0151 v\u00e1rmegye f\u0151isp\u00e1nja (1570. k.). Irod.: MCK; Nagy Iv\u00e1n<\/p>\n","protected":false},"featured_media":0,"comment_status":"open","ping_status":"closed","template":"","meta":[],"product_brand":[],"product_cat":[137],"product_tag":[],"class_list":{"0":"post-1930","1":"product","2":"type-product","3":"status-publish","5":"product_cat-maros-megyei-eletrajzi-lexikon","7":"first","8":"instock","9":"shipping-taxable","10":"product-type-simple"},"_links":{"self":[{"href":"https:\/\/uj.adatbank.ro\/lexikon\/wp-json\/wp\/v2\/product\/1930","targetHints":{"allow":["GET"]}}],"collection":[{"href":"https:\/\/uj.adatbank.ro\/lexikon\/wp-json\/wp\/v2\/product"}],"about":[{"href":"https:\/\/uj.adatbank.ro\/lexikon\/wp-json\/wp\/v2\/types\/product"}],"replies":[{"embeddable":true,"href":"https:\/\/uj.adatbank.ro\/lexikon\/wp-json\/wp\/v2\/comments?post=1930"}],"wp:attachment":[{"href":"https:\/\/uj.adatbank.ro\/lexikon\/wp-json\/wp\/v2\/media?parent=1930"}],"wp:term":[{"taxonomy":"product_brand","embeddable":true,"href":"https:\/\/uj.adatbank.ro\/lexikon\/wp-json\/wp\/v2\/product_brand?post=1930"},{"taxonomy":"product_cat","embeddable":true,"href":"https:\/\/uj.adatbank.ro\/lexikon\/wp-json\/wp\/v2\/product_cat?post=1930"},{"taxonomy":"product_tag","embeddable":true,"href":"https:\/\/uj.adatbank.ro\/lexikon\/wp-json\/wp\/v2\/product_tag?post=1930"}],"curies":[{"name":"wp","href":"https:\/\/api.w.org\/{rel}","templated":true}]}}